{"id":38166,"date":"2022-11-28T13:49:58","date_gmt":"2022-11-28T12:49:58","guid":{"rendered":"https:\/\/fairtransport.eu\/?page_id=38166"},"modified":"2022-12-30T14:03:02","modified_gmt":"2022-12-30T13:03:02","slug":"delai-de-livraison-et-retours","status":"publish","type":"page","link":"https:\/\/fairtransport.eu\/fr\/levertijd-en-retouren\/","title":{"rendered":"D\u00e9lai de livraison et retours"},"content":{"rendered":"<h2>D\u00e9lai de livraison<\/h2>\n<p>Tous nos articles sont emball\u00e9s et exp\u00e9di\u00e9s le m\u00eame jour ouvrable. Le d\u00e9lai de livraison est de 2 jours ouvrables aux Pays-Bas. Les colis \u00e0 l&#039;\u00e9tranger sont livr\u00e9s par une autre organisation telle que PostNL. Cela prolongera le d\u00e9lai de livraison de quelques jours.<\/p>\n<h2>Retour<\/h2>\n<p>Vous n&#039;\u00eates pas satisfait des articles command\u00e9s ? Aucun probl\u00e8me! Vous pouvez le retourner dans un d\u00e9lai de 10 jours ouvr\u00e9s.<\/p>\n<h2>\u00c9change<\/h2>\n<p>Malheureusement, l&#039;\u00e9change n&#039;est pas possible. Vous pouvez retourner votre colis et passer une nouvelle commande. L&#039;article souhait\u00e9 sera livr\u00e9 \u00e0 votre domicile en quelques jours !<\/p>\n<p>&nbsp;<\/p>","protected":false},"excerpt":{"rendered":"<p>Levertijd Al onze artikelen worden nog op dezelfde werkdag ingepakt en verstuurd. Levertijd is 2 werkdagen binnen Nederland. In het buitenland worden pakketten door een andere organisatie als PostNL bezorgd. De levertijd wordt hierdoor met enkele dagen verlengd. Retourneren Niet tevreden over jouw bestelde artikelen? Geen probleem! Je kunt deze binnen 10 werkdagen retourneren. Omruilen [&hellip;]<\/p>\n","protected":false},"author":2,"featured_media":0,"parent":0,"menu_order":43,"comment_status":"closed","ping_status":"closed","template":"","meta":{"_acf_changed":false,"om_disable_all_campaigns":false,"_monsterinsights_skip_tracking":false,"_monsterinsights_sitenote_active":false,"_monsterinsights_sitenote_note":"","_monsterinsights_sitenote_category":0,"footnotes":""},"schip-project":[],"class_list":["post-38166","page","type-page","status-publish","hentry"],"acf":[],"aioseo_notices":[],"_links":{"self":[{"href":"https:\/\/fairtransport.eu\/fr\/wp-json\/wp\/v2\/pages\/38166","targetHints":{"allow":["GET"]}}],"collection":[{"href":"https:\/\/fairtransport.eu\/fr\/wp-json\/wp\/v2\/pages"}],"about":[{"href":"https:\/\/fairtransport.eu\/fr\/wp-json\/wp\/v2\/types\/page"}],"author":[{"embeddable":true,"href":"https:\/\/fairtransport.eu\/fr\/wp-json\/wp\/v2\/users\/2"}],"replies":[{"embeddable":true,"href":"https:\/\/fairtransport.eu\/fr\/wp-json\/wp\/v2\/comments?post=38166"}],"version-history":[{"count":0,"href":"https:\/\/fairtransport.eu\/fr\/wp-json\/wp\/v2\/pages\/38166\/revisions"}],"wp:attachment":[{"href":"https:\/\/fairtransport.eu\/fr\/wp-json\/wp\/v2\/media?parent=38166"}],"wp:term":[{"taxonomy":"schip-project","embeddable":true,"href":"https:\/\/fairtransport.eu\/fr\/wp-json\/wp\/v2\/schip-project?post=38166"}],"curies":[{"name":"wp","href":"https:\/\/api.w.org\/{rel}","templated":true}]}}