{"id":36794,"date":"2022-10-11T15:14:07","date_gmt":"2022-10-11T13:14:07","guid":{"rendered":"https:\/\/fairtransport.eu\/?page_id=36794"},"modified":"2022-10-11T21:29:43","modified_gmt":"2022-10-11T19:29:43","slug":"le-tableau","status":"publish","type":"page","link":"https:\/\/fairtransport.eu\/fr\/the-board\/","title":{"rendered":"Composition du conseil d&#039;administration"},"content":{"rendered":"<div data-elementor-type=\"wp-page\" data-elementor-id=\"36794\" class=\"elementor elementor-36794\" data-elementor-post-type=\"page\">\n\t\t\t\t\t\t<section class=\"elementor-section elementor-top-section elementor-element elementor-element-62be541 elementor-section-boxed elementor-section-height-default elementor-section-height-default\" data-id=\"62be541\" data-element_type=\"section\" data-e-type=\"section\" data-settings=\"{&quot;jet_parallax_layout_list&quot;:[]}\">\n\t\t\t\t\t\t<div class=\"elementor-container elementor-column-gap-default\">\n\t\t\t\t\t<div class=\"elementor-column elementor-col-100 elementor-top-column elementor-element elementor-element-d24593a\" data-id=\"d24593a\" data-element_type=\"column\" data-e-type=\"column\">\n\t\t\t<div class=\"elementor-widget-wrap elementor-element-populated\">\n\t\t\t\t\t\t<div class=\"elementor-element elementor-element-f2bac45 elementor-widget elementor-widget-text-editor\" data-id=\"f2bac45\" data-element_type=\"widget\" data-e-type=\"widget\" data-widget_type=\"text-editor.default\">\n\t\t\t\t<div class=\"elementor-widget-container\">\n\t\t\t\t\t\t\t\t\t<pre><strong>Composition du conseil d&#039;administration<\/strong><br \/><strong>au 15 ao\u00fbt 2020<br \/><\/strong><br \/>Sabine Fox, pr\u00e9sidente<br \/>Joop Harrems, secr\u00e9taire\/tr\u00e9sorier\/membre du conseil d&#039;administration<br \/>Arjen van der Veen, membre du conseil d&#039;administration<br \/>Andreas Lackner, membre du conseil d&#039;administration<br \/>Hans Bais, membre du conseil d&#039;administration<br \/>Chris Veltman, membre du conseil d&#039;administration\n<\/pre>\t\t\t\t\t\t\t\t<\/div>\n\t\t\t\t<\/div>\n\t\t\t\t\t<\/div>\n\t\t<\/div>\n\t\t\t\t\t<\/div>\n\t\t<\/section>\n\t\t\t\t<\/div>","protected":false},"excerpt":{"rendered":"<p>Composition du conseil d&#039;administration au 15 ao\u00fbt 2020Sabine Fox, pr\u00e9sidenteJoop Harrems, secr\u00e9taire\/tr\u00e9sorier\/membre du conseil d&#039;administrationArjen van der Veen, membre du conseil d&#039;administrationAndreas Lackner, membre du conseil d&#039;administrationHans Bais, membre du conseil d&#039;administrationChris Veltman, membre du conseil d&#039;administration<\/p>","protected":false},"author":6,"featured_media":0,"parent":0,"menu_order":20,"comment_status":"closed","ping_status":"closed","template":"","meta":{"_acf_changed":false,"om_disable_all_campaigns":false,"_monsterinsights_skip_tracking":false,"_monsterinsights_sitenote_active":false,"_monsterinsights_sitenote_note":"","_monsterinsights_sitenote_category":0,"footnotes":""},"schip-project":[],"class_list":["post-36794","page","type-page","status-publish","hentry"],"acf":[],"aioseo_notices":[],"_links":{"self":[{"href":"https:\/\/fairtransport.eu\/fr\/wp-json\/wp\/v2\/pages\/36794","targetHints":{"allow":["GET"]}}],"collection":[{"href":"https:\/\/fairtransport.eu\/fr\/wp-json\/wp\/v2\/pages"}],"about":[{"href":"https:\/\/fairtransport.eu\/fr\/wp-json\/wp\/v2\/types\/page"}],"author":[{"embeddable":true,"href":"https:\/\/fairtransport.eu\/fr\/wp-json\/wp\/v2\/users\/6"}],"replies":[{"embeddable":true,"href":"https:\/\/fairtransport.eu\/fr\/wp-json\/wp\/v2\/comments?post=36794"}],"version-history":[{"count":0,"href":"https:\/\/fairtransport.eu\/fr\/wp-json\/wp\/v2\/pages\/36794\/revisions"}],"wp:attachment":[{"href":"https:\/\/fairtransport.eu\/fr\/wp-json\/wp\/v2\/media?parent=36794"}],"wp:term":[{"taxonomy":"schip-project","embeddable":true,"href":"https:\/\/fairtransport.eu\/fr\/wp-json\/wp\/v2\/schip-project?post=36794"}],"curies":[{"name":"wp","href":"https:\/\/api.w.org\/{rel}","templated":true}]}}