{"id":36728,"date":"2022-10-11T09:36:59","date_gmt":"2022-10-11T07:36:59","guid":{"rendered":"https:\/\/fairtransport.eu\/?page_id=36728"},"modified":"2022-10-11T20:30:49","modified_gmt":"2022-10-11T18:30:49","slug":"plan-politique-de-la-fondation","status":"publish","type":"page","link":"https:\/\/fairtransport.eu\/fr\/foundation-policy-plan\/","title":{"rendered":"Plan politique de la Fondation"},"content":{"rendered":"<div data-elementor-type=\"wp-page\" data-elementor-id=\"36728\" class=\"elementor elementor-36728\" data-elementor-post-type=\"page\">\n\t\t\t\t\t\t<section class=\"elementor-section elementor-top-section elementor-element elementor-element-47e0c38b elementor-section-boxed elementor-section-height-default elementor-section-height-default\" data-id=\"47e0c38b\" data-element_type=\"section\" data-e-type=\"section\" data-settings=\"{&quot;jet_parallax_layout_list&quot;:[]}\">\n\t\t\t\t\t\t<div class=\"elementor-container elementor-column-gap-default\">\n\t\t\t\t\t<div class=\"elementor-column elementor-col-100 elementor-top-column elementor-element elementor-element-7571e4f1\" data-id=\"7571e4f1\" data-element_type=\"column\" data-e-type=\"column\">\n\t\t\t<div class=\"elementor-widget-wrap elementor-element-populated\">\n\t\t\t\t\t\t<div class=\"elementor-element elementor-element-4a4a99d elementor-widget elementor-widget-image\" data-id=\"4a4a99d\" data-element_type=\"widget\" data-e-type=\"widget\" data-widget_type=\"image.default\">\n\t\t\t\t<div class=\"elementor-widget-container\">\n\t\t\t\t\t\t\t\t\t\t\t\t\t\t\t<img decoding=\"async\" src=\"https:\/\/fairtransport.eu\/wp-content\/uploads\/elementor\/thumbs\/DSCN6886-rjoyvqvmb8j7vmn4a0j1mk47sh0oez8w8mz6rbhuig.jpg\" title=\"DSCN6886.jpg\" alt=\"DSCN6886.jpg\" loading=\"lazy\" \/>\t\t\t\t\t\t\t\t\t\t\t\t\t\t\t<\/div>\n\t\t\t\t<\/div>\n\t\t\t\t<div class=\"elementor-element elementor-element-1ed8884c elementor-widget elementor-widget-text-editor\" data-id=\"1ed8884c\" data-element_type=\"widget\" data-e-type=\"widget\" data-widget_type=\"text-editor.default\">\n\t\t\t\t<div class=\"elementor-widget-container\">\n\t\t\t\t\t\t\t\t\t<h2 dir=\"auto\" data-sourcepos=\"5:1-9:26\">PLAN POLITIQUE<\/h2><p dir=\"auto\" data-sourcepos=\"5:1-9:26\">Fondation Stichting Fairtransport RSIN : 8178.06.027 Commune de Gaasterlan-Sleat<br \/>Adresse de visite : Willemsoord 73, 1781 AS Den Helder T\u00e9l\u00e9phone : + 31 223 683 516<\/p><p dir=\"auto\" data-sourcepos=\"11:1-11:31\"><b>Principaux points du plan politique actuel<\/b><\/p><ol dir=\"auto\" data-sourcepos=\"12:1-39:0\"><li data-sourcepos=\"12:1-28:0\"><p data-sourcepos=\"12:4-27:72\">Objectif et activit\u00e9s \u00e0 r\u00e9aliser : a. r\u00e9aliser, promouvoir, stimuler et soutenir la marine marchande \u00e0 voile, en particulier les navires desservis par Fairtransport Shipping, et dans ce cadre mener des recherches sur les options de transport, les routes commerciales, les zones de vente et d&#039;autres \u00e9l\u00e9ments au profit de la navigation marchande \u00e0 voile, tout cela au sens le plus large du terme b. former les aspirants marins et\/ou artisans \u00e0 devenir des citoyens du monde responsables, motiv\u00e9s, \u00e9quilibr\u00e9s et comp\u00e9tents c. d\u00e9velopper des programmes de cours d&#039;accompagnement et mettre en place des structures de formation pour promouvoir les programmes mentionn\u00e9s ci-dessus sous b d. organiser une \u00ab communaut\u00e9 \u00bb de plateforme qui compte des donateurs et des membres e. organiser, collecter et maintenir des informations et des services pour les personnes vis\u00e9es par b. groupe cible mentionn\u00e9. F. En outre, tout ce qui est directement ou indirectement li\u00e9 \u00e0 quelque chose ou qui peut y contribuer, tout au sens le plus large du terme.<\/p><\/li><li data-sourcepos=\"29:1-32:31\"><p data-sourcepos=\"29:4-32:31\">Le mode d&#039;acquisition des revenus a.les dons (lors d&#039;\u00e9v\u00e9nements, du web, en g\u00e9n\u00e9ral) b. cotisations des membres c. fondations\/collecte de fonds<\/p><\/li><li data-sourcepos=\"33:1-39:0\"><p data-sourcepos=\"33:4-38:19\">La gestion et la d\u00e9pense du patrimoine de l&#039;\u00e9tablissement<br \/>Les dons entrants et les cotisations des membres sont d\u00e9pos\u00e9s sur un compte bancaire distinct de la Fondation Fairtransport. Le conseil d&#039;administration de la Fondation se r\u00e9unit r\u00e9guli\u00e8rement pour d\u00e9terminer si des actifs suffisants ont \u00e9t\u00e9 constitu\u00e9s et peuvent \u00eatre d\u00e9pens\u00e9s conform\u00e9ment aux objectifs et aux intentions politiques.<\/p><\/li><\/ol>\t\t\t\t\t\t\t\t<\/div>\n\t\t\t\t<\/div>\n\t\t\t\t\t<\/div>\n\t\t<\/div>\n\t\t\t\t\t<\/div>\n\t\t<\/section>\n\t\t\t\t<section class=\"elementor-section elementor-top-section elementor-element elementor-element-b41f4d3 elementor-section-boxed elementor-section-height-default elementor-section-height-default\" data-id=\"b41f4d3\" data-element_type=\"section\" data-e-type=\"section\" data-settings=\"{&quot;jet_parallax_layout_list&quot;:[]}\">\n\t\t\t\t\t\t<div class=\"elementor-container elementor-column-gap-default\">\n\t\t\t\t\t<div class=\"elementor-column elementor-col-100 elementor-top-column elementor-element elementor-element-ae864a8\" data-id=\"ae864a8\" data-element_type=\"column\" data-e-type=\"column\">\n\t\t\t<div class=\"elementor-widget-wrap\">\n\t\t\t\t\t\t\t<\/div>\n\t\t<\/div>\n\t\t\t\t\t<\/div>\n\t\t<\/section>\n\t\t\t\t<\/div>","protected":false},"excerpt":{"rendered":"<p>BELEIDSPLAN Stichting Fairtransport Foundation RSIN: 8178.06.027 Gemeente Gaasterlan-Sleat Bezoekadres: Willemsoord 73, 1781 AS Den Helder Telefoon: + 31 223 683 516 Hoofdlijnen actueel beleidsplan Doelstelling en te verrichten werkzaamheden: a. het uitvoeren, bevorderen, stimuleren en ondersteunen van de zeilende handelsvaart, in het bijzonder de schepen die door Fairtransport Shipping worden bediend en in het kader [&hellip;]<\/p>\n","protected":false},"author":6,"featured_media":0,"parent":0,"menu_order":21,"comment_status":"closed","ping_status":"closed","template":"","meta":{"_acf_changed":false,"om_disable_all_campaigns":false,"_monsterinsights_skip_tracking":false,"_monsterinsights_sitenote_active":false,"_monsterinsights_sitenote_note":"","_monsterinsights_sitenote_category":0,"footnotes":""},"schip-project":[],"class_list":["post-36728","page","type-page","status-publish","hentry"],"acf":[],"aioseo_notices":[],"_links":{"self":[{"href":"https:\/\/fairtransport.eu\/fr\/wp-json\/wp\/v2\/pages\/36728","targetHints":{"allow":["GET"]}}],"collection":[{"href":"https:\/\/fairtransport.eu\/fr\/wp-json\/wp\/v2\/pages"}],"about":[{"href":"https:\/\/fairtransport.eu\/fr\/wp-json\/wp\/v2\/types\/page"}],"author":[{"embeddable":true,"href":"https:\/\/fairtransport.eu\/fr\/wp-json\/wp\/v2\/users\/6"}],"replies":[{"embeddable":true,"href":"https:\/\/fairtransport.eu\/fr\/wp-json\/wp\/v2\/comments?post=36728"}],"version-history":[{"count":0,"href":"https:\/\/fairtransport.eu\/fr\/wp-json\/wp\/v2\/pages\/36728\/revisions"}],"wp:attachment":[{"href":"https:\/\/fairtransport.eu\/fr\/wp-json\/wp\/v2\/media?parent=36728"}],"wp:term":[{"taxonomy":"schip-project","embeddable":true,"href":"https:\/\/fairtransport.eu\/fr\/wp-json\/wp\/v2\/schip-project?post=36728"}],"curies":[{"name":"wp","href":"https:\/\/api.w.org\/{rel}","templated":true}]}}