{"id":275,"date":"2022-04-05T14:26:07","date_gmt":"2022-04-05T12:26:07","guid":{"rendered":"https:\/\/fairtransport.eu\/?page_id=275"},"modified":"2022-10-12T09:54:54","modified_gmt":"2022-10-12T07:54:54","slug":"politique-de-cookies","status":"publish","type":"page","link":"https:\/\/fairtransport.eu\/fr\/cookiebeleid\/","title":{"rendered":"Politique en mati\u00e8re de cookies"},"content":{"rendered":"<p>&nbsp;<\/p>\n<p>&nbsp;<\/p>\n<p>&nbsp;<\/p>\n<p>Fairtransport utilise des cookies. Nous utilisons des cookies analytiques pour vous offrir une exp\u00e9rience utilisateur optimale. Avec l&#039;aide de cookies de suivi tiers et de r\u00e9seaux sociaux, nous pouvons suivre le comportement des visiteurs et afficher des publicit\u00e9s personnalis\u00e9es. Vous pouvez ainsi, par exemple, diffuser un produit via les r\u00e9seaux sociaux.<\/p>\n<p><strong>Biscuits<\/strong><\/p>\n<p>Vous avez indiqu\u00e9 vouloir plus d&#039;informations sur l&#039;utilisation des cookies sur le site Fairtransport.<\/p>\n<p><strong>Que sont les cookies ?<\/strong><\/p>\n<p>Un cookie est un petit fichier texte qu&#039;un site Web place sur votre ordinateur, ordinateur portable, tablette ou t\u00e9l\u00e9phone portable lorsque vous visitez le site Web. Ces cookies stockent des informations sur votre visite sur le site Web. Cela permet au site Internet de fonctionner correctement et d\u2019optimiser votre visite. En utilisant des cookies, un site Web peut vous reconna\u00eetre lors de votre prochaine visite sur ce site Web. Cela signifie que vous n&#039;\u00eates pas oblig\u00e9 de saisir les m\u00eames informations \u00e0 chaque fois.<\/p>\n<p><strong>Types de cookies<\/strong><br \/>\n<strong>\u00a0<\/strong><br \/>\nIl existe diff\u00e9rents types de cookies. Plus d\u2019informations sur les cookies peuvent \u00eatre trouv\u00e9es ci-dessous.<br \/>\nNous souhaitons vous renvoyer aux d\u00e9clarations faites par des tiers sur leurs sites Internet.<br \/>\nVeuillez noter que ces d\u00e9clarations sont susceptibles de changer et que nous ne pouvons pas les influencer. Vous pouvez lire comment nous g\u00e9rons votre vie priv\u00e9e dans notre politique de confidentialit\u00e9.<br \/>\n<strong>Cookies fonctionnels<\/strong><\/p>\n<p>Les cookies fonctionnels sont n\u00e9cessaires au bon fonctionnement de notre site Web. Par exemple, ceux-ci garantissent que vous pouvez rester connect\u00e9 \u00e0 votre compte personnel Fairtransport si vous le souhaitez.<\/p>\n<p><strong>Cookies analytiques<\/strong><\/p>\n<p>\u00c0 l&#039;aide de cookies analytiques, nous pouvons mesurer les visites sur le site Web et \u00e9tudier les possibilit\u00e9s. Les statistiques nous donnent un aper\u00e7u de la fa\u00e7on dont vous utilisez le site Web et de la fa\u00e7on dont vous nous avez trouv\u00e9s. Nous utilisons continuellement ces connaissances pour am\u00e9liorer le site Web et rendre l&#039;exp\u00e9rience de nos visiteurs aussi agr\u00e9able que possible. Nous travaillons avec Google Analytics et Google Tag Manager pour obtenir des informations et optimiser les donn\u00e9es.<\/p>\n<p>Pour plus d&#039;informations sur ce que ces soci\u00e9t\u00e9s font avec les donn\u00e9es collect\u00e9es, veuillez vous r\u00e9f\u00e9rer \u00e0 leurs d\u00e9clarations de confidentialit\u00e9.<\/p>\n<p>Google<\/p>\n<p><strong>Cookies de r\u00e9seaux sociaux<\/strong><\/p>\n<p>Sur le site fairtransport.eu, nous affichons du contenu que vous pouvez promouvoir et distribuer via vos r\u00e9seaux sociaux avec un bouton. Les soci\u00e9t\u00e9s de m\u00e9dias sociaux telles que Twitter, Facebook, YouTube et Google utilisent des cookies pour savoir quand vous vous connectez au r\u00e9seau social. Vous collectez \u00e9galement des informations sur le site Web que vous distribuez.<\/p>\n<p>Pour plus d&#039;informations sur ce que ces soci\u00e9t\u00e9s font avec les donn\u00e9es collect\u00e9es, veuillez vous r\u00e9f\u00e9rer \u00e0 leurs d\u00e9clarations de confidentialit\u00e9\u00a0:<\/p>\n<p>Facebook<br \/>\nTwitter<br \/>\nYoutube<br \/>\n<strong>\u00a0<\/strong><br \/>\n<strong>Cookies publicitaires<\/strong><\/p>\n<p>Nous utilisons des publicit\u00e9s en ligne pour attirer l&#039;attention sur nos services. Nous travaillons en collaboration avec Google Adwords, Bing et Facebook Custom Audience. Ces parties utilisent des cookies pour afficher des publicit\u00e9s num\u00e9riques sur des sites Web tiers, pour collecter des informations sur comment et quand l&#039;utilisateur est entr\u00e9 en contact avec les publicit\u00e9s et pour obtenir un aper\u00e7u des profils. De cette mani\u00e8re, notre publicit\u00e9 est la plus cibl\u00e9e possible.<\/p>\n<p>Pour plus d&#039;informations sur ce que ces soci\u00e9t\u00e9s font avec les donn\u00e9es collect\u00e9es, veuillez vous r\u00e9f\u00e9rer \u00e0 leurs d\u00e9clarations de confidentialit\u00e9\u00a0:<\/p>\n<p>Google<br \/>\nFacebook<br \/>\nMicrosoft<\/p>\n<p><strong>Autres<\/strong><\/p>\n<p>Nous devrons ajuster cette d\u00e9claration de temps en temps si notre site Web ou les r\u00e8gles concernant les cookies changent. Nous pouvons modifier le contenu des cookies \u00e0 tout moment et sans pr\u00e9avis. Vous pouvez consulter ce site Web pour la derni\u00e8re version. Si vous avez autoris\u00e9 le stockage de cookies sur notre site Web, vous pouvez annuler cette autorisation dans les param\u00e8tres de votre navigateur.<\/p>\n<p>&nbsp;<\/p>\n<p>&nbsp;<\/p>","protected":false},"excerpt":{"rendered":"<p>&nbsp; &nbsp; &nbsp; Fairtransport maakt gebruik van cookies. We gebruiken analytische cookies om u een optimale gebruikerservaring te kunnen bieden. Met behulp van tracking- en social media-cookies van derden kunnen we bezoekersgedrag volgen en gepersonaliseerde advertenties tonen. Op deze manier kun je bijvoorbeeld een product verspreiden via social media. Cookies U heeft aangegeven dat u [&hellip;]<\/p>\n","protected":false},"author":2,"featured_media":0,"parent":0,"menu_order":46,"comment_status":"closed","ping_status":"closed","template":"","meta":{"_acf_changed":false,"om_disable_all_campaigns":false,"_monsterinsights_skip_tracking":false,"_monsterinsights_sitenote_active":false,"_monsterinsights_sitenote_note":"","_monsterinsights_sitenote_category":0,"footnotes":""},"schip-project":[],"class_list":["post-275","page","type-page","status-publish","hentry"],"acf":[],"aioseo_notices":[],"_links":{"self":[{"href":"https:\/\/fairtransport.eu\/fr\/wp-json\/wp\/v2\/pages\/275","targetHints":{"allow":["GET"]}}],"collection":[{"href":"https:\/\/fairtransport.eu\/fr\/wp-json\/wp\/v2\/pages"}],"about":[{"href":"https:\/\/fairtransport.eu\/fr\/wp-json\/wp\/v2\/types\/page"}],"author":[{"embeddable":true,"href":"https:\/\/fairtransport.eu\/fr\/wp-json\/wp\/v2\/users\/2"}],"replies":[{"embeddable":true,"href":"https:\/\/fairtransport.eu\/fr\/wp-json\/wp\/v2\/comments?post=275"}],"version-history":[{"count":0,"href":"https:\/\/fairtransport.eu\/fr\/wp-json\/wp\/v2\/pages\/275\/revisions"}],"wp:attachment":[{"href":"https:\/\/fairtransport.eu\/fr\/wp-json\/wp\/v2\/media?parent=275"}],"wp:term":[{"taxonomy":"schip-project","embeddable":true,"href":"https:\/\/fairtransport.eu\/fr\/wp-json\/wp\/v2\/schip-project?post=275"}],"curies":[{"name":"wp","href":"https:\/\/api.w.org\/{rel}","templated":true}]}}