{"id":38166,"date":"2022-11-28T13:49:58","date_gmt":"2022-11-28T12:49:58","guid":{"rendered":"https:\/\/fairtransport.eu\/?page_id=38166"},"modified":"2022-12-30T14:03:02","modified_gmt":"2022-12-30T13:03:02","slug":"lieferzeit-und-retouren","status":"publish","type":"page","link":"https:\/\/fairtransport.eu\/de\/levertijd-en-retouren\/","title":{"rendered":"Lieferzeit und Retouren"},"content":{"rendered":"<h2>Lieferzeit<\/h2>\n<p>Alle unsere Artikel werden noch am selben Werktag verpackt und versendet. Die Lieferzeit innerhalb der Niederlande betr\u00e4gt 2 Werktage. Pakete ins Ausland werden von einer anderen Organisation wie PostNL zugestellt. Dadurch verl\u00e4ngert sich die Lieferzeit um einige Tage.<\/p>\n<h2>Kehrt zur\u00fcck<\/h2>\n<p>Nicht zufrieden mit Ihren bestellten Artikeln? Kein Problem! Sie k\u00f6nnen es innerhalb von 10 Werktagen zur\u00fcckgeben.<\/p>\n<h2>Austausch<\/h2>\n<p>Ein Umtausch ist leider nicht m\u00f6glich. Sie k\u00f6nnen Ihr Paket zur\u00fccksenden und eine neue Bestellung aufgeben. Ihr Wunschartikel wird innerhalb weniger Tage zu Ihnen nach Hause geliefert!<\/p>\n<p>&nbsp;<\/p>","protected":false},"excerpt":{"rendered":"<p>Levertijd Al onze artikelen worden nog op dezelfde werkdag ingepakt en verstuurd. Levertijd is 2 werkdagen binnen Nederland. In het buitenland worden pakketten door een andere organisatie als PostNL bezorgd. De levertijd wordt hierdoor met enkele dagen verlengd. Retourneren Niet tevreden over jouw bestelde artikelen? Geen probleem! Je kunt deze binnen 10 werkdagen retourneren. Omruilen [&hellip;]<\/p>\n","protected":false},"author":2,"featured_media":0,"parent":0,"menu_order":43,"comment_status":"closed","ping_status":"closed","template":"","meta":{"_acf_changed":false,"om_disable_all_campaigns":false,"_monsterinsights_skip_tracking":false,"_monsterinsights_sitenote_active":false,"_monsterinsights_sitenote_note":"","_monsterinsights_sitenote_category":0,"footnotes":""},"schip-project":[],"class_list":["post-38166","page","type-page","status-publish","hentry"],"acf":[],"aioseo_notices":[],"_links":{"self":[{"href":"https:\/\/fairtransport.eu\/de\/wp-json\/wp\/v2\/pages\/38166","targetHints":{"allow":["GET"]}}],"collection":[{"href":"https:\/\/fairtransport.eu\/de\/wp-json\/wp\/v2\/pages"}],"about":[{"href":"https:\/\/fairtransport.eu\/de\/wp-json\/wp\/v2\/types\/page"}],"author":[{"embeddable":true,"href":"https:\/\/fairtransport.eu\/de\/wp-json\/wp\/v2\/users\/2"}],"replies":[{"embeddable":true,"href":"https:\/\/fairtransport.eu\/de\/wp-json\/wp\/v2\/comments?post=38166"}],"version-history":[{"count":0,"href":"https:\/\/fairtransport.eu\/de\/wp-json\/wp\/v2\/pages\/38166\/revisions"}],"wp:attachment":[{"href":"https:\/\/fairtransport.eu\/de\/wp-json\/wp\/v2\/media?parent=38166"}],"wp:term":[{"taxonomy":"schip-project","embeddable":true,"href":"https:\/\/fairtransport.eu\/de\/wp-json\/wp\/v2\/schip-project?post=38166"}],"curies":[{"name":"wp","href":"https:\/\/api.w.org\/{rel}","templated":true}]}}