{"id":36806,"date":"2022-10-11T16:04:09","date_gmt":"2022-10-11T14:04:09","guid":{"rendered":"https:\/\/fairtransport.eu\/?page_id=36806"},"modified":"2022-10-11T21:44:08","modified_gmt":"2022-10-11T19:44:08","slug":"belohnungsstruktur","status":"publish","type":"page","link":"https:\/\/fairtransport.eu\/de\/reward-structure\/","title":{"rendered":"Belohnungsstruktur"},"content":{"rendered":"<div data-elementor-type=\"wp-page\" data-elementor-id=\"36806\" class=\"elementor elementor-36806\" data-elementor-post-type=\"page\">\n\t\t\t\t\t\t<section class=\"elementor-section elementor-top-section elementor-element elementor-element-17c0b7f1 elementor-section-boxed elementor-section-height-default elementor-section-height-default\" data-id=\"17c0b7f1\" data-element_type=\"section\" data-e-type=\"section\" data-settings=\"{&quot;jet_parallax_layout_list&quot;:[]}\">\n\t\t\t\t\t\t<div class=\"elementor-container elementor-column-gap-default\">\n\t\t\t\t\t<div class=\"elementor-column elementor-col-100 elementor-top-column elementor-element elementor-element-2b597d0c\" data-id=\"2b597d0c\" data-element_type=\"column\" data-e-type=\"column\">\n\t\t\t<div class=\"elementor-widget-wrap elementor-element-populated\">\n\t\t\t\t\t\t<div class=\"elementor-element elementor-element-26a4da6 elementor-widget__width-inherit elementor-widget elementor-widget-image\" data-id=\"26a4da6\" data-element_type=\"widget\" data-e-type=\"widget\" data-widget_type=\"image.default\">\n\t\t\t\t<div class=\"elementor-widget-container\">\n\t\t\t\t\t\t\t\t\t\t\t\t\t\t\t<img decoding=\"async\" src=\"https:\/\/fairtransport.eu\/wp-content\/uploads\/P1040370-scaled-1.jpg\" title=\"\" alt=\"\" loading=\"lazy\" \/>\t\t\t\t\t\t\t\t\t\t\t\t\t\t\t<\/div>\n\t\t\t\t<\/div>\n\t\t\t\t<div class=\"elementor-element elementor-element-7f83df57 elementor-widget elementor-widget-text-editor\" data-id=\"7f83df57\" data-element_type=\"widget\" data-e-type=\"widget\" data-widget_type=\"text-editor.default\">\n\t\t\t\t<div class=\"elementor-widget-container\">\n\t\t\t\t\t\t\t\t\t<p dir=\"auto\" data-sourcepos=\"42:1-46:26\">Stichting Fairtransport Foundation RSIN: 8178.06.027 Gemeinde Gaasterlan-Sleat<br \/>Besucheradresse: Willemsoord 73, 1781 AS Den Helder Telefon: + 31 223 683 516<\/p><p dir=\"auto\" data-sourcepos=\"48:1-50:69\"><strong>Pr\u00e4mienrichtlinie:<\/strong><br \/>Die Gesch\u00e4ftsf\u00fchrer erhalten keine Verg\u00fctung! Die Fairtransport Foundation hat keine <br \/>Personal besch\u00e4ftigt!:<\/p><p dir=\"auto\" data-sourcepos=\"48:1-50:69\">\u00a0<\/p>\t\t\t\t\t\t\t\t<\/div>\n\t\t\t\t<\/div>\n\t\t\t\t\t<\/div>\n\t\t<\/div>\n\t\t\t\t\t<\/div>\n\t\t<\/section>\n\t\t\t\t<section class=\"elementor-section elementor-top-section elementor-element elementor-element-cfd139d elementor-section-boxed elementor-section-height-default elementor-section-height-default\" data-id=\"cfd139d\" data-element_type=\"section\" data-e-type=\"section\" data-settings=\"{&quot;jet_parallax_layout_list&quot;:[]}\">\n\t\t\t\t\t\t<div class=\"elementor-container elementor-column-gap-default\">\n\t\t\t\t\t<div class=\"elementor-column elementor-col-100 elementor-top-column elementor-element elementor-element-2b2752d\" data-id=\"2b2752d\" data-element_type=\"column\" data-e-type=\"column\">\n\t\t\t<div class=\"elementor-widget-wrap\">\n\t\t\t\t\t\t\t<\/div>\n\t\t<\/div>\n\t\t\t\t\t<\/div>\n\t\t<\/section>\n\t\t\t\t<\/div>","protected":false},"excerpt":{"rendered":"<p>Stichting Fairtransport Foundation RSIN: 8178.06.027 Gemeinde Gaasterlan-Sleat Besucheradresse: Willemsoord 73, 1781 AS Den Helder Telefon: + 31 223 683 516 Verg\u00fctungspolitik: Die Direktoren erhalten keine Verg\u00fctung! Die Fairtransport Stiftung besch\u00e4ftigt kein Personal!: \u00a0<\/p>","protected":false},"author":6,"featured_media":0,"parent":0,"menu_order":19,"comment_status":"closed","ping_status":"closed","template":"","meta":{"_acf_changed":false,"om_disable_all_campaigns":false,"_monsterinsights_skip_tracking":false,"_monsterinsights_sitenote_active":false,"_monsterinsights_sitenote_note":"","_monsterinsights_sitenote_category":0,"footnotes":""},"schip-project":[],"class_list":["post-36806","page","type-page","status-publish","hentry"],"acf":[],"aioseo_notices":[],"_links":{"self":[{"href":"https:\/\/fairtransport.eu\/de\/wp-json\/wp\/v2\/pages\/36806","targetHints":{"allow":["GET"]}}],"collection":[{"href":"https:\/\/fairtransport.eu\/de\/wp-json\/wp\/v2\/pages"}],"about":[{"href":"https:\/\/fairtransport.eu\/de\/wp-json\/wp\/v2\/types\/page"}],"author":[{"embeddable":true,"href":"https:\/\/fairtransport.eu\/de\/wp-json\/wp\/v2\/users\/6"}],"replies":[{"embeddable":true,"href":"https:\/\/fairtransport.eu\/de\/wp-json\/wp\/v2\/comments?post=36806"}],"version-history":[{"count":0,"href":"https:\/\/fairtransport.eu\/de\/wp-json\/wp\/v2\/pages\/36806\/revisions"}],"wp:attachment":[{"href":"https:\/\/fairtransport.eu\/de\/wp-json\/wp\/v2\/media?parent=36806"}],"wp:term":[{"taxonomy":"schip-project","embeddable":true,"href":"https:\/\/fairtransport.eu\/de\/wp-json\/wp\/v2\/schip-project?post=36806"}],"curies":[{"name":"wp","href":"https:\/\/api.w.org\/{rel}","templated":true}]}}