{"id":36728,"date":"2022-10-11T09:36:59","date_gmt":"2022-10-11T07:36:59","guid":{"rendered":"https:\/\/fairtransport.eu\/?page_id=36728"},"modified":"2022-10-11T20:30:49","modified_gmt":"2022-10-11T18:30:49","slug":"stiftungspolitikplan","status":"publish","type":"page","link":"https:\/\/fairtransport.eu\/de\/foundation-policy-plan\/","title":{"rendered":"Politikplan der Stiftung"},"content":{"rendered":"<div data-elementor-type=\"wp-page\" data-elementor-id=\"36728\" class=\"elementor elementor-36728\" data-elementor-post-type=\"page\">\n\t\t\t\t\t\t<section class=\"elementor-section elementor-top-section elementor-element elementor-element-47e0c38b elementor-section-boxed elementor-section-height-default elementor-section-height-default\" data-id=\"47e0c38b\" data-element_type=\"section\" data-e-type=\"section\" data-settings=\"{&quot;jet_parallax_layout_list&quot;:[]}\">\n\t\t\t\t\t\t<div class=\"elementor-container elementor-column-gap-default\">\n\t\t\t\t\t<div class=\"elementor-column elementor-col-100 elementor-top-column elementor-element elementor-element-7571e4f1\" data-id=\"7571e4f1\" data-element_type=\"column\" data-e-type=\"column\">\n\t\t\t<div class=\"elementor-widget-wrap elementor-element-populated\">\n\t\t\t\t\t\t<div class=\"elementor-element elementor-element-4a4a99d elementor-widget elementor-widget-image\" data-id=\"4a4a99d\" data-element_type=\"widget\" data-e-type=\"widget\" data-widget_type=\"image.default\">\n\t\t\t\t<div class=\"elementor-widget-container\">\n\t\t\t\t\t\t\t\t\t\t\t\t\t\t\t<img decoding=\"async\" src=\"https:\/\/fairtransport.eu\/wp-content\/uploads\/elementor\/thumbs\/DSCN6886-rjoyvqvmb8j7vmn4a0j1mk47sh0oez8w8mz6rbhuig.jpg\" title=\"DSCN6886.jpg\" alt=\"DSCN6886.jpg\" loading=\"lazy\" \/>\t\t\t\t\t\t\t\t\t\t\t\t\t\t\t<\/div>\n\t\t\t\t<\/div>\n\t\t\t\t<div class=\"elementor-element elementor-element-1ed8884c elementor-widget elementor-widget-text-editor\" data-id=\"1ed8884c\" data-element_type=\"widget\" data-e-type=\"widget\" data-widget_type=\"text-editor.default\">\n\t\t\t\t<div class=\"elementor-widget-container\">\n\t\t\t\t\t\t\t\t\t<h2 dir=\"auto\" data-sourcepos=\"5:1-9:26\">POLITIKPLAN<\/h2><p dir=\"auto\" data-sourcepos=\"5:1-9:26\">Stichting Fairtransport Foundation RSIN: 8178.06.027 Gemeinde Gaasterlan-Sleat<br \/>Besucheradresse: Willemsoord 73, 1781 AS Den Helder Telefon: + 31 223 683 516<\/p><p dir=\"auto\" data-sourcepos=\"11:1-11:31\"><b>Hauptpunkte des aktuellen politischen Plans<\/b><\/p><ol dir=\"auto\" data-sourcepos=\"12:1-39:0\"><li data-sourcepos=\"12:1-28:0\"><p data-sourcepos=\"12:4-27:72\">Ziel und durchzuf\u00fchrende T\u00e4tigkeiten: a. Durchf\u00fchrung, F\u00f6rderung, Anregung und Unterst\u00fctzung der segelnden Handelsschifffahrt, insbesondere der von Fairtransport Shipping bedienten Schiffe, und in diesem Zusammenhang Forschung zu Transportm\u00f6glichkeiten, Handelsrouten, Verkaufsgebieten usw sonstige Elemente zugunsten der segelnden Handelsschifffahrt, alles im weitesten Sinne des Wortes b. Ausbildung angehender Seeleute und\/oder Handwerker zu verantwortungsbewussten, motivierten, ausgeglichenen und kompetenten Weltb\u00fcrgern c. Entwicklung begleitender Unterrichtsprogramme und Einrichtung von Schulungseinrichtungen zur F\u00f6rderung der unter b. b. genannten Zwecke. d. Organisation einer Plattform-\u201eCommunity\u201c, die Spender und Mitglieder hat, z. Organisation, Sammlung und Pflege von Informationen und Diensten f\u00fcr unter b. genannten Zielgruppe. F. Dar\u00fcber hinaus alles, was direkt oder indirekt mit etwas zusammenh\u00e4ngt oder dazu f\u00f6rderlich sein kann, alles im weitesten Sinne des Wortes.<\/p><\/li><li data-sourcepos=\"29:1-32:31\"><p data-sourcepos=\"29:4-32:31\">Die Art und Weise, Einnahmen zu erzielen a. Spenden (bei Veranstaltungen, im Internet, allgemein) b. Mitgliedsbeitr\u00e4ge c. Stiftungen\/Fundraising<\/p><\/li><li data-sourcepos=\"33:1-39:0\"><p data-sourcepos=\"33:4-38:19\">Die Verwaltung und Verwendung des Verm\u00f6gens der Anstalt<br \/>Die eingehenden Spenden und Mitgliedsbeitr\u00e4ge werden auf ein separates Bankkonto der Fairtransport Stiftung eingezahlt. Der Stiftungsvorstand trifft sich regelm\u00e4\u00dfig, um festzustellen, ob ausreichend Verm\u00f6gen aufgebaut wurde, das im Rahmen der Ziele und politischen Absichten ausgegeben werden kann.<\/p><\/li><\/ol>\t\t\t\t\t\t\t\t<\/div>\n\t\t\t\t<\/div>\n\t\t\t\t\t<\/div>\n\t\t<\/div>\n\t\t\t\t\t<\/div>\n\t\t<\/section>\n\t\t\t\t<section class=\"elementor-section elementor-top-section elementor-element elementor-element-b41f4d3 elementor-section-boxed elementor-section-height-default elementor-section-height-default\" data-id=\"b41f4d3\" data-element_type=\"section\" data-e-type=\"section\" data-settings=\"{&quot;jet_parallax_layout_list&quot;:[]}\">\n\t\t\t\t\t\t<div class=\"elementor-container elementor-column-gap-default\">\n\t\t\t\t\t<div class=\"elementor-column elementor-col-100 elementor-top-column elementor-element elementor-element-ae864a8\" data-id=\"ae864a8\" data-element_type=\"column\" data-e-type=\"column\">\n\t\t\t<div class=\"elementor-widget-wrap\">\n\t\t\t\t\t\t\t<\/div>\n\t\t<\/div>\n\t\t\t\t\t<\/div>\n\t\t<\/section>\n\t\t\t\t<\/div>","protected":false},"excerpt":{"rendered":"<p>BELEIDSPLAN Stichting Fairtransport Foundation RSIN: 8178.06.027 Gemeente Gaasterlan-Sleat Bezoekadres: Willemsoord 73, 1781 AS Den Helder Telefoon: + 31 223 683 516 Hoofdlijnen actueel beleidsplan Doelstelling en te verrichten werkzaamheden: a. het uitvoeren, bevorderen, stimuleren en ondersteunen van de zeilende handelsvaart, in het bijzonder de schepen die door Fairtransport Shipping worden bediend en in het kader [&hellip;]<\/p>\n","protected":false},"author":6,"featured_media":0,"parent":0,"menu_order":21,"comment_status":"closed","ping_status":"closed","template":"","meta":{"_acf_changed":false,"om_disable_all_campaigns":false,"_monsterinsights_skip_tracking":false,"_monsterinsights_sitenote_active":false,"_monsterinsights_sitenote_note":"","_monsterinsights_sitenote_category":0,"footnotes":""},"schip-project":[],"class_list":["post-36728","page","type-page","status-publish","hentry"],"acf":[],"aioseo_notices":[],"_links":{"self":[{"href":"https:\/\/fairtransport.eu\/de\/wp-json\/wp\/v2\/pages\/36728","targetHints":{"allow":["GET"]}}],"collection":[{"href":"https:\/\/fairtransport.eu\/de\/wp-json\/wp\/v2\/pages"}],"about":[{"href":"https:\/\/fairtransport.eu\/de\/wp-json\/wp\/v2\/types\/page"}],"author":[{"embeddable":true,"href":"https:\/\/fairtransport.eu\/de\/wp-json\/wp\/v2\/users\/6"}],"replies":[{"embeddable":true,"href":"https:\/\/fairtransport.eu\/de\/wp-json\/wp\/v2\/comments?post=36728"}],"version-history":[{"count":0,"href":"https:\/\/fairtransport.eu\/de\/wp-json\/wp\/v2\/pages\/36728\/revisions"}],"wp:attachment":[{"href":"https:\/\/fairtransport.eu\/de\/wp-json\/wp\/v2\/media?parent=36728"}],"wp:term":[{"taxonomy":"schip-project","embeddable":true,"href":"https:\/\/fairtransport.eu\/de\/wp-json\/wp\/v2\/schip-project?post=36728"}],"curies":[{"name":"wp","href":"https:\/\/api.w.org\/{rel}","templated":true}]}}