{"id":277,"date":"2022-04-05T14:26:15","date_gmt":"2022-04-05T12:26:15","guid":{"rendered":"https:\/\/fairtransport.eu\/?page_id=277"},"modified":"2022-11-28T13:56:39","modified_gmt":"2022-11-28T12:56:39","slug":"datenschutzerklarung","status":"publish","type":"page","link":"https:\/\/fairtransport.eu\/de\/privacyverklaring\/","title":{"rendered":"Datenschutzerkl\u00e4rung"},"content":{"rendered":"<p>In dieser Richtlinie wird erl\u00e4utert, wie Fairtransport sowohl online als auch offline personenbezogene Daten erfasst und wie wir diese Daten verwenden. Die Website fairtransport.eu wurde unter der Verantwortung von Fairtransport erstellt, f\u00fcr das diese Datenschutzrichtlinie gilt.<\/p>\n<p>Bitte lesen Sie diese Datenschutzerkl\u00e4rung sorgf\u00e4ltig durch. Anschlie\u00dfend erfahren Sie, ob Sie Fairtransport die Nutzung Ihrer personenbezogenen Daten gestatten m\u00f6chten. Fairtransport erhebt und verarbeitet personenbezogene Daten gem\u00e4\u00df der Datenschutz-Grundverordnung.<\/p>\n<p>Im Allgemeinen erfassen wir Informationen \u00fcber Sie, wenn Sie sich f\u00fcr den Newsletter registrieren, ein Konto erstellen, Produkte von uns kaufen (online oder bei Veranstaltungen), wenn Sie uns eine E-Mail senden oder uns anrufen oder wenn Sie etwas zum Kauf bei uns aufgeben betriebene oder verwaltete Kassen und wenn Sie unsere Websites, Apps und sozialen Medien nutzen.<\/p>\n<p>Wir verwenden diese und andere Daten, um Ihnen und unseren anderen Benutzern einen besseren Service, Marketing und Support zu bieten (einschlie\u00dflich durch die Analyse Ihrer Daten, um ein personalisiertes Erlebnis zu bieten). Wenn Sie beispielsweise ein Konto erstellen, ein Produkt kaufen oder uns telefonisch kontaktieren, bitten wir Sie m\u00f6glicherweise um Ihre Erlaubnis, Ihre Daten f\u00fcr bestimmte Zwecke zu verwenden. Ihre Wahlm\u00f6glichkeiten dar\u00fcber, wie wir personenbezogene Daten verwenden, werden hier beschrieben.<\/p>\n<p>Fairtransport bietet auf seiner Website zahlreiche Informationen zum G\u00fctertransport und zu Segelt\u00f6rns und bietet Qualit\u00e4tsprodukte wie Kaffee, Schokolade, Kakao, Wein, Rum, Oliven\u00f6l usw. zum Verkauf an.<\/p>\n<p>Wenn Sie sich f\u00fcr den Newsletter anmelden oder \u00fcber die Website Produkte von Fairtransport bestellen, speichern wir Ihre personenbezogenen Daten, um Ihre Bestellung zu bearbeiten und Ihnen von Zeit zu Zeit Newsletter zuzusenden. Dies sind die Zwecke der Datenerhebung.<\/p>\n<p>Fairtransport ist somit Verantwortlicher (d. h. eine f\u00fcr die Verarbeitung personenbezogener Daten verantwortliche Organisation im Sinne der Datenschutz-Grundverordnung) hinsichtlich aller Daten, die Fairtransport \u00fcber Sie erhebt und erh\u00e4lt, wenn Sie unsere Dienste nutzen. Fairtransport ist an die Datenschutz-Grundverordnung, die am 25. Mai 2018 in Kraft tritt, gebunden und verwendet Ihre Daten entsprechend.<\/p>\n<h3><b>1.Cookies\u00a0<\/b><\/h3>\n<p>Wie viele andere Websites verwenden wir Cookies (kleine Textdateien, die von unserer Website auf Ihrem Computer abgelegt werden) und Tracking-Tools.<\/p>\n<p>Wir erheben Ihre Daten auf verschiedene Weise:<\/p>\n<ol>\n<li><b> Direkt von Ihnen.\u00a0<\/b><\/li>\n<\/ol>\n<p>Wenn Sie sich beispielsweise f\u00fcr einen Newsletter oder eine Werbeaktion anmelden, ein Konto erstellen, an einem Wettbewerb oder einem kostenlosen Gewinnspiel teilnehmen oder ein Produkt kaufen, einen Kommentar auf unseren Websites ver\u00f6ffentlichen, uns eine Frage stellen, uns eine E-Mail senden oder Fairtransport telefonisch kontaktieren.<\/p>\n<ol>\n<li><b> Durch Ihre Nutzung unserer Websites und Apps.\u00a0<\/b><\/li>\n<\/ol>\n<p>Sie k\u00f6nnen unsere Websites und Apps \u00fcber einen Computer, ein Telefon, ein Tablet oder ein anderes Ger\u00e4t ansehen und nutzen. Wir verwenden auf unseren Websites und Apps Tracking-Tools wie Browser-Cookies und Web-Beacons, um Daten \u00fcber Ihre Nutzung zu sammeln.<\/p>\n<ol>\n<li><b> Von Dritten.\u00a0<\/b><\/li>\n<\/ol>\n<p>Wenn Sie sich beispielsweise daf\u00fcr entscheiden, eine auf unserer Website integrierte Social-Media-Funktion zu nutzen, \u00fcbermittelt uns die Social-Media-Seite bestimmte Informationen \u00fcber Sie, beispielsweise Ihren Namen und Ihre E-Mail-Adresse. Ihre Aktivit\u00e4ten auf unseren Websites und Apps k\u00f6nnen auf Social-Media-Plattformen ver\u00f6ffentlicht werden.<\/p>\n<h3><b>2. Informationen, die wir m\u00f6glicherweise \u00fcber Sie aufbewahren\u00a0<\/b><\/h3>\n<p>Wir verwenden die folgenden Daten f\u00fcr die in dieser Richtlinie beschriebenen Zwecke:<\/p>\n<ol>\n<li><b> Ihre Kontakt- und Kontodaten<\/b>.<\/li>\n<\/ol>\n<p>Wir speichern die von Ihnen angegebenen Kontaktinformationen (zum Beispiel: Vor- und Nachname, Geschlecht, Geburtsjahr, Stra\u00dfe und Hausnummer, Postleitzahl, Stadt, Land und E-Mail-Adresse), wenn Sie ein Konto bei Fairtransport erstellen, ein Produkt kaufen und\/oder oder nehmen Sie an unseren Segelt\u00f6rns teil.<\/p>\n<ol>\n<li><b> Ihre Zahlungs- und Rechnungsinformationen.<\/b><\/li>\n<\/ol>\n<p>Wir speichern die von Ihnen angegebenen Zahlungs- und Rechnungsinformationen, um Ihre Bestellung abzuwickeln, beispielsweise Ihre Kreditkartennummer und Postleitzahl, wenn Sie ein Produkt kaufen.<\/p>\n<ol>\n<li><b> Von Ihnen online ver\u00f6ffentlichte Informationen.\u00a0<\/b><\/li>\n<\/ol>\n<p>Wir speichern beispielsweise Informationen, die Sie auf unserer Website oder auf einer externen Social-Media-Seite gepostet haben, auf die wir Zugriff haben (z. B. von Ihnen gepostete Bewertungen oder von Ihnen ausgef\u00fcllte Umfragen). Bei der Online-Ver\u00f6ffentlichung von Daten d\u00fcrfen die Rechte anderer nicht verletzt werden (einschlie\u00dflich des Rechts auf Privatsph\u00e4re) und Sie sollten sich dar\u00fcber im Klaren sein, dass andere Ihre Daten m\u00f6glicherweise auf eine Weise verwenden, markieren und\/oder erneut ver\u00f6ffentlichen, die Sie nicht erwarten w\u00fcrden (einschlie\u00dflich auf eine Art und Weise). das ist illegal).<\/p>\n<p>Sie verstehen, dass wir und andere Ihre \u00f6ffentlich ver\u00f6ffentlichten Informationen verwenden und erneut ver\u00f6ffentlichen d\u00fcrfen. Hierzu z\u00e4hlen auch die Daten, die Sie auf unserer Website oder bei der Nutzung von Apps oder Social-Media-Funktionen eingegeben haben. Allerdings kann Fairtransport keine Verantwortung f\u00fcr die weitere Nutzung Ihrer personenbezogenen Daten durch Dritte \u00fcbernehmen, wenn Sie eine Bestellung aufgeben, Produkte kaufen oder Ihre personenbezogenen Daten auf andere Weise direkt an diese Dritten weitergeben.<\/p>\n<h3><b>3. Informationen zu Ihren Pr\u00e4ferenzen\u00a0<\/b><\/h3>\n<p>Wir erfassen m\u00f6glicherweise Informationen \u00fcber Ihre Lieblingsaktivit\u00e4ten oder die Produkte, die Sie kaufen oder nach denen Sie sich erkundigen (z. B. im Rahmen einer Umfrage oder Ihrer Bewertung). Wir k\u00f6nnen auch Informationen \u00fcber Interessen und demografische Kategorien speichern, die wir aus Ihren Interaktionen mit uns ableiten, um Ihnen einen besseren Service zu bieten und Ihnen gezieltere Informationen zukommen zu lassen.<\/p>\n<p>Wenn Sie unsere Website besuchen, erfassen wir m\u00f6glicherweise Informationen \u00fcber den von Ihnen verwendeten Browser und Ihre IP-Adresse (dies ist eine Nummer, die bestimmte Netzwerkger\u00e4te im Internet identifiziert und die Ihr Ger\u00e4t f\u00fcr die Kommunikation mit Websites ben\u00f6tigt). Wir k\u00f6nnen sehen, von welcher Seite aus Sie zu uns gekommen sind, was Sie auf unserer Seite getan haben und was nicht und welche Seite Sie besuchen, wenn Sie unsere Seite verlassen haben.<\/p>\n<h3><b>4. Wir k\u00f6nnen Ihre Daten auf die folgende Weise und f\u00fcr die folgenden Zwecke verwenden\u00a0<\/b><\/h3>\n<ol>\n<li><b> Um Ihnen Produkte, Dienstleistungen, Kontoinformationen und Support bereitzustellen.\u00a0<\/b><\/li>\n<\/ol>\n<p>Beispielsweise k\u00f6nnen wir Ihre Daten zur Abwicklung Ihrer Bestellung, zur Erbringung von Dienstleistungen und zur Kommunikation mit Ihnen \u00fcber Ihre Bestellung, Ihre Serviceanfrage oder Ihre Anmeldung zum Newsletter verwenden.<\/p>\n<ol>\n<li><b> Um Ihnen Nachrichten im Zusammenhang mit Ihrer Transaktion und den von Ihnen besuchten Veranstaltungen zu senden.\u00a0<\/b><\/li>\n<\/ol>\n<p>Beispielsweise k\u00f6nnen wir Ihnen eine E-Mail \u00fcber Ihr Konto oder den Kauf eines Produkts senden oder Sie \u2013 \u00fcber Dritte \u2013 bitten, eine Bewertung zu einem Kauf zu verfassen. Dar\u00fcber hinaus senden wir Ihnen m\u00f6glicherweise eine E-Mail, um Sie auf eine von Fairtransport organisierte Veranstaltung oder Veranstaltung aufmerksam zu machen, die aufgrund der von Ihnen bereits gekauften Produkte f\u00fcr Sie von Interesse sein k\u00f6nnte.<\/p>\n<ol>\n<li><b> Trends und Interessen erkennen.\u00a0<\/b><\/li>\n<\/ol>\n<p>Wir nutzen Ihre Daten, um Ihre Pr\u00e4ferenzen zu ermitteln, damit wir unser Angebot f\u00fcr Sie verbessern k\u00f6nnen und Ihr Erlebnis bei uns gezielter und pers\u00f6nlicher wird.<\/p>\n<ol>\n<li><b> \u00dcberwachung und Verbesserung unserer Produkte, Dienstleistungen und Websites<\/b>.<\/li>\n<\/ol>\n<p>Wir analysieren Ihre Daten, um unser Verst\u00e4ndnis \u00fcber Sie und unsere Beziehungsbasis im Allgemeinen zu verbessern. Wir tun dies, um bessere Entscheidungen \u00fcber unsere Dienstleistungen, Werbung, Produkte und Inhalte unserer Website und Newsletter zu treffen, basierend auf einem fundierteren \u00dcberblick dar\u00fcber, wie unsere Kunden unsere aktuellen Dienste nutzen, und um Ihr Erlebnis mit uns st\u00e4rker zu personalisieren.<\/p>\n<ol>\n<li><b> Wenn Sie sich f\u00fcr einen Newsletter registriert haben<\/b><\/li>\n<\/ol>\n<p>Wenn Sie sich f\u00fcr den Fairtransport-Newsletter registriert haben, k\u00f6nnen wir Ihnen Newsletter zusenden.<\/p>\n<h3><b>5. Sie haben bestimmte M\u00f6glichkeiten, wie wir Ihre Daten verwenden\u00a0<\/b><\/h3>\n<p>Wenn Sie ein Konto erstellen oder Produkte kaufen, bitten wir Sie m\u00f6glicherweise sp\u00e4ter auch um die Erlaubnis, personenbezogene Daten f\u00fcr bestimmte Zwecke zu erheben, zu verarbeiten oder zu nutzen. Wenn Sie die Einwilligung, die Sie uns f\u00fcr die Nutzung Ihrer personenbezogenen Daten erteilt haben, widerrufen oder Ihre Daten einsehen oder \u00e4ndern m\u00f6chten, schreiben Sie uns bitte oder teilen Sie uns Ihre Pr\u00e4ferenz \u00fcber die E-Mail-Adresse Privacy@fairtransport.nl mit<\/p>\n<p>Sie k\u00f6nnen sich nicht nur schriftlich abmelden, sondern auch auf folgende Weise:<\/p>\n<ol>\n<li><b> Sie k\u00f6nnen den Erhalt von Marketingnachrichten abbestellen.\u00a0<\/b><\/li>\n<\/ol>\n<p>Um keine E-Mails oder Textnachrichten mehr zu Werbezwecken zu erhalten, befolgen Sie die Anweisungen in jeder erhaltenen Werbenachricht, \u00e4ndern Sie Ihre Daten in Ihrem pers\u00f6nlichen Fairtransport-Konto oder senden Sie eine E-Mail an Privacy@fairtransport.nl. Auch wenn Sie den Erhalt von Marketingnachrichten ablehnen, senden wir Ihnen dennoch Transaktionsnachrichten.<br \/>\nAuf diese Weise k\u00f6nnen wir Sie weiterhin bez\u00fcglich Ihrer Bestellungen kontaktieren. Andernfalls k\u00f6nnen wir Ihre Bestellung nicht bearbeiten.<\/p>\n<ol>\n<li><b> Sie k\u00f6nnen den Erhalt unserer Newsletter abbestellen.<\/b><\/li>\n<\/ol>\n<p>Um unsere Newsletter nicht mehr zu erhalten, passen Sie Ihre Kontoeinstellungen an, \u00e4ndern Sie Ihre Daten in Ihrem pers\u00f6nlichen Fairtransport-Konto und\/oder befolgen Sie die Anweisungen in jedem Newsletter von uns oder senden Sie eine E-Mail an Privacy@fairtransport.nl.<\/p>\n<ol>\n<li><b> Sie k\u00f6nnen von uns Auskunft \u00fcber die von uns \u00fcber Sie gespeicherten Daten verlangen<\/b>.<\/li>\n<\/ol>\n<p>Sie k\u00f6nnen uns auch \u00fcber Privacy@fairtransport.nl auffordern, die Daten anzupassen oder Ihre personenbezogenen Daten vollst\u00e4ndig zu l\u00f6schen. In Ihrem pers\u00f6nlichen Fairtransport-Konto k\u00f6nnen Sie auch sehen, welche Informationen wir \u00fcber Sie haben, und diese \u00e4ndern.<\/p>\n<ol start=\"6\">\n<li><b> Wir k\u00f6nnen Ihre Daten an die folgenden Dritten weitergeben<\/b><\/li>\n<li><b> Innerhalb von Fairtransport<\/b><\/li>\n<\/ol>\n<p>Wir k\u00f6nnen alle Ihre Daten innerhalb unserer Organisation weitergeben und sie auch auf unseren verschiedenen Websites f\u00fcr alle in dieser Richtlinie genannten Zwecke verf\u00fcgbar machen, jedoch nicht f\u00fcr andere Zwecke, es sei denn, Sie haben hierzu ausdr\u00fccklich Ihre Zustimmung erteilt.<\/p>\n<ol>\n<li><b> Dritte.\u00a0<\/b><\/li>\n<\/ol>\n<p>Wir geben Ihre Daten nur dann an Dritte weiter, wenn Sie hierzu Ihre ausdr\u00fcckliche Einwilligung erteilt haben. Sonst nicht.<\/p>\n<ol>\n<li><b> Dritte, die von Ihnen gekaufte Waren und Dienstleistungen bereitstellen.\u00a0<\/b><\/li>\n<\/ol>\n<p>Ihre Daten k\u00f6nnen auch an Dritte weitergegeben werden, die Waren und Dienstleistungen anbieten, die Sie \u00fcber unsere Website erworben haben, damit diese Ihre Bestellungen bearbeiten und ausf\u00fchren k\u00f6nnen (einschlie\u00dflich der Kontaktaufnahme mit Ihnen).<\/p>\n<ol>\n<li><b> Wenn wir glauben, dass dies notwendig ist, um Gesetze und Vorschriften einzuhalten oder um uns selbst oder Dritte zu sch\u00fctzen.\u00a0<\/b><\/li>\n<\/ol>\n<p>Soweit gesetzlich zul\u00e4ssig, k\u00f6nnen wir Informationen auch auf Anfrage einer Regierungsbeh\u00f6rde oder einer anderen autorisierten Stelle oder Organisation weitergeben, um unsere Rechte oder die eines Dritten zu sch\u00fctzen oder durchzusetzen oder um Betrug (einschlie\u00dflich Betrug mit Kreditkarten usw.) aufzudecken und zu verhindern Betrug, von dem wir annehmen, dass er beim Besuch unserer Website oder bei Veranstaltungen stattgefunden hat) und andere Straftaten.<\/p>\n<p>Wir nutzen Standard-Sicherheitsma\u00dfnahmen. Wir haben geeignete technische und organisatorische Ma\u00dfnahmen ergriffen, um personenbezogene Daten vor Verlust oder jeder Form unrechtm\u00e4\u00dfiger Verarbeitung zu sch\u00fctzen. Die von uns verwendeten Standardsicherheitsma\u00dfnahmen h\u00e4ngen von der Art der erfassten Daten ab. Bedenken Sie, dass das Internet nicht 100%-sicher ist. Wir k\u00f6nnen nicht garantieren, dass Ihre Nutzung unserer Websites v\u00f6llig sicher ist. Wir empfehlen Ihnen, bei der Nutzung des Internets Vorsicht walten zu lassen. Dazu geh\u00f6rt auch, dass Sie Ihre Passw\u00f6rter nicht weitergeben.<\/p>\n<p>Wenn Sie Fragen oder Beschwerden haben oder eine Kopie der von uns \u00fcber Sie gespeicherten Daten erhalten m\u00f6chten, kontaktieren Sie uns bitte unter Privacy@fairtransport.nl. Wenn Sie Fragen oder Beschwerden zu dieser Datenschutzrichtlinie oder zu Ihrer Privatsph\u00e4re haben oder eine Kopie der von uns \u00fcber Sie gespeicherten Daten erhalten m\u00f6chten, kontaktieren Sie uns bitte.<\/p>\n<p>Um die von Ihnen bereitgestellten Informationen zu korrigieren, zu \u00e4ndern oder zu aktualisieren oder eine von Ihnen erteilte Einwilligung zu widerrufen, kontaktieren Sie uns bitte unter Privacy@fairtransport.nl.<\/p>\n<p>Alle Informationsanfragen an Privacy@fairtransport.nl m\u00fcssen von einem g\u00fcltigen Ausweis des Antragstellers begleitet sein, wobei der zust\u00e4ndige Administrator die Identit\u00e4t des Antragstellers \u00fcberpr\u00fcfen kann, um die Privatsph\u00e4re derjenigen zu sch\u00fctzen, die an nicht identifizierten Anfragen beteiligt sind.<\/p>\n<h2><b>Cookie-Richtlinie Fairtransport<\/b><\/h2>\n<p>\u00dcber unsere Website k\u00f6nnen verschiedene Cookies platziert werden. Dies betrifft die Website: fairtransport.eu. Nachfolgend erkl\u00e4ren wir, was Cookies sind, was sie bewirken, welche Cookies auf der Website fairtransport.eu verwendet werden und warum.<\/p>\n<h3><b>Was machen Cookies?<\/b><\/h3>\n<p>Cookies sind kleine (Text-)Dateien, die ein Webseitenserver auf Ihrem Computer, Tablet oder einem anderen elektronischen Ger\u00e4t (im Folgenden \u201eComputer\u201c) ablegt, wenn Sie eine Webseite besuchen. Da sich ein Cookie auf Ihrem Computer befindet, kann der Webseitenserver Ihren Computer erkennen. Ein Cookie kann keine Programme starten oder Viren verbreiten.<\/p>\n<p>Cookies haben ab dem Zeitpunkt ihrer Platzierung auf einem Computer eine bestimmte G\u00fcltigkeitsdauer. Nach Ablauf der G\u00fcltigkeitsdauer wird das Cookie von Ihrem Browser gel\u00f6scht. Bei manchen Cookies ist die Dauer der Browsersitzung die G\u00fcltigkeitsdauer, es gibt aber auch Cookies, die l\u00e4nger g\u00fcltig bleiben, sodass sie auch bei einem sp\u00e4teren Besuch unserer Website ausgelesen werden k\u00f6nnen. Soweit wir mithilfe von Cookies personenbezogene Daten von Ihnen erheben, verarbeiten wir diese gem\u00e4\u00df unserer Datenschutzerkl\u00e4rung.<\/p>\n<h2><b>Cookies auf unserer Website<\/b><\/h2>\n<p>Fairtransport verwendet Cookies. Wir verwenden analytische Cookies, um Ihnen ein optimales Benutzererlebnis zu bieten. Mithilfe von Tracking- und Social-Media-Cookies von Drittanbietern k\u00f6nnen wir das Besucherverhalten verfolgen und personalisierte Werbung anzeigen. So k\u00f6nnen Sie beispielsweise ein Produkt \u00fcber soziale Medien verbreiten.<\/p>\n<p><b>Kekse<\/b><\/p>\n<p>Sie haben angegeben, dass Sie weitere Informationen \u00fcber die Verwendung von Cookies auf der Fairtransport-Website w\u00fcnschen.<\/p>\n<p><b>Was sind Cookies?<\/b><\/p>\n<p>Ein Cookie ist eine kleine Textdatei, die eine Website auf Ihrem Computer, Laptop, Tablet oder Mobiltelefon ablegt, wenn Sie die Website besuchen. Diese Cookies speichern Informationen \u00fcber Ihren Website-Besuch. Dadurch kann die Website ordnungsgem\u00e4\u00df funktionieren und Ihr Besuch optimiert werden. Durch die Verwendung von Cookies kann eine Website Sie bei Ihrem n\u00e4chsten Besuch auf dieser Website wiedererkennen. Das bedeutet, dass Sie nicht jedes Mal die gleichen Informationen eingeben m\u00fcssen.<\/p>\n<p><b>Arten von Cookies<\/b><\/p>\n<p>Es gibt verschiedene Arten von Cookies. Weitere Informationen zu Cookies finden Sie weiter unten.<\/p>\n<p>Wir weisen Sie gerne auf die Angaben Dritter auf deren Webseiten hin.<\/p>\n<p>Bitte beachten Sie, dass sich diese Aussagen \u00e4ndern k\u00f6nnen und wir keinen Einfluss darauf haben. Wie wir mit Ihrer Privatsph\u00e4re umgehen, k\u00f6nnen Sie in unserer Datenschutzerkl\u00e4rung nachlesen.<\/p>\n<p><b>Funktionelle Cookies<\/b><\/p>\n<p>Funktionale Cookies sind notwendig, damit unsere Website ordnungsgem\u00e4\u00df funktioniert. Diese stellen beispielsweise sicher, dass Sie auf Wunsch in Ihrem pers\u00f6nlichen Fairtransport-Konto eingeloggt bleiben k\u00f6nnen.<\/p>\n<p><b>Analytische Cookies<\/b><\/p>\n<p>Mithilfe analytischer Cookies k\u00f6nnen wir Website-Besuche messen und M\u00f6glichkeiten untersuchen. Die Statistiken geben uns einen \u00dcberblick dar\u00fcber, wie Sie die Website nutzen und wie Sie zu uns gefunden haben. Wir nutzen dieses Wissen kontinuierlich, um die Website zu verbessern und das Erlebnis unserer Besucher so angenehm wie m\u00f6glich zu gestalten. Wir arbeiten mit Google Analytics und Google Tag Manager, um Erkenntnisse zu gewinnen und Daten zu optimieren.<\/p>\n<p>Weitere Informationen dar\u00fcber, was diese Unternehmen mit den erfassten Daten machen, finden Sie in deren Datenschutzerkl\u00e4rungen.<\/p>\n<p>Google<\/p>\n<p><b>Social-Media-Cookies<\/b><\/p>\n<p>Auf der Website fairtransport.eu zeigen wir Inhalte, die Sie mit einem Button \u00fcber Ihre sozialen Netzwerke bewerben und verbreiten k\u00f6nnen. Social-Media-Unternehmen wie Twitter, Facebook, YouTube und Google verwenden Cookies, um zu sehen, wann Sie sich beim sozialen Netzwerk anmelden. Sie sammeln auch Informationen \u00fcber die Website, die Sie verbreiten.<\/p>\n<p>Weitere Informationen dar\u00fcber, was diese Unternehmen mit den erfassten Daten machen, finden Sie in deren Datenschutzerkl\u00e4rungen:<\/p>\n<p>Facebook<\/p>\n<p>Twitter<\/p>\n<p>Youtube<\/p>\n<p><b>\u00a0Werbe-Cookies<\/b><\/p>\n<p>Wir nutzen Online-Werbung, um auf unsere Leistungen aufmerksam zu machen. Wir arbeiten mit Google Adwords, Bing und Facebook Custom Audience zusammen. Diese Parteien verwenden Cookies, um digitale Anzeigen auf Websites Dritter anzuzeigen, Informationen dar\u00fcber zu sammeln, wie oder wann der Benutzer mit den Anzeigen in Kontakt gekommen ist, und um einen \u00dcberblick \u00fcber die Profile zu erhalten. Auf diese Weise ist unsere Werbung m\u00f6glichst zielgerichtet.<\/p>\n<p>Weitere Informationen dar\u00fcber, was diese Unternehmen mit den erfassten Daten machen, finden Sie in deren Datenschutzerkl\u00e4rungen:<\/p>\n<p>Google<\/p>\n<p>Facebook<\/p>\n<p>Microsoft<\/p>\n<p><b>Andere<\/b><\/p>\n<p>Wir m\u00fcssen diese Erkl\u00e4rung von Zeit zu Zeit anpassen, wenn sich unsere Website oder die Regeln zu Cookies \u00e4ndern. Wir k\u00f6nnen den Inhalt der Cookies jederzeit und ohne vorherige Ank\u00fcndigung \u00e4ndern. Die neueste Version finden Sie auf dieser Website. Wenn Sie der Speicherung von Cookies auf unserer Website zugestimmt haben, k\u00f6nnen Sie dies in Ihren Browsereinstellungen widerrufen.<\/p>\n<h3><b>Cookies ablehnen und l\u00f6schen<\/b><\/h3>\n<p>Sie k\u00f6nnen Ihren Browser so einstellen, dass keine Cookies gespeichert werden, Sie k\u00f6nnen jedes Cookie zulassen oder ablehnen oder dass alle Cookies gel\u00f6scht werden, wenn Sie Ihren Browser schlie\u00dfen. Einen n\u00fctzlichen Schritt-f\u00fcr-Schritt-Plan zur Verwaltung von Cookies finden Sie auf der Website https:\/\/www.consumentenbond.nl\/internet-privacy\/cookies-removal<\/p>\n<p>Cookies werden auf jedem Computer platziert, den Sie zum Besuch von Websites verwenden. Wenn Sie \u00fcberhaupt keine Cookies mehr erhalten m\u00f6chten, m\u00fcssen Sie die Einstellungen auf allen von Ihnen genutzten Computern anpassen. Bitte beachten Sie, dass wenn Sie Cookies ablehnen und\/oder l\u00f6schen, dies auch Auswirkungen auf unbedingt notwendige Cookies hat. Die Nutzung der Website wird dadurch jedoch nicht eingeschr\u00e4nkt.<\/p>\n<p>Sie k\u00f6nnen Cookies jederzeit l\u00f6schen oder platzieren lassen (und dennoch Ihre Einwilligung widerrufen oder erteilen). Wenn Sie die Erlaubnis zum Setzen von Cookies verweigert und das Cookie gel\u00f6scht haben, mit dem dies registriert wurde, werden Sie beim Besuch unserer Website erneut um Ihre Erlaubnis gebeten.<\/p>\n<p>Die meisten Browser k\u00f6nnen so eingestellt werden, dass Cookies akzeptiert werden, nicht mehr akzeptiert werden oder dass Sie benachrichtigt werden, wenn Sie ein Cookie erhalten. Anweisungen zum Anpassen der Browsereinstellungen und zum L\u00f6schen von Cookies finden Sie in den Anleitungen und\/oder \u00fcber die \u201eHilfe\u201c-Funktion (in der Symbolleiste) der meisten Browser.<\/p>\n<h3><\/h3>\n<h3><b>Deine Rechte<\/b><\/h3>\n<p>Sie k\u00f6nnen der Verwendung personenbezogener Daten f\u00fcr Direktmarketingzwecke und\/oder dem (weiteren) Erhalt von (bestimmten) Marketinginformationen jederzeit widersprechen, indem Sie eine K\u00fcndigungsanfrage an Privacy@fairtransport.nl senden<\/p>\n<p>Sie haben das Recht, von Fairtransport Zugriff auf Ihre von Fairtransport als Verantwortlicher im Sinne der Datenschutz-Grundverordnung verarbeiteten personenbezogenen Daten zu verlangen und\/oder (soweit anwendbar) deren Berichtigung, Erg\u00e4nzung, L\u00f6schung oder Vervollst\u00e4ndigung zu verlangen. Ein Antrag auf Zugang und\/oder Korrektur sollte an Privacy@fairtransport.nl gesendet werden<\/p>\n<p>An alle Informationsanfragen <a href=\"mailto:privacy@fairtransport.nl\">privacy@fairtransport.nl<\/a> muss von einem g\u00fcltigen Ausweis des Antragstellers begleitet sein, wobei der zust\u00e4ndige Administrator die Identit\u00e4t des Antragstellers \u00fcberpr\u00fcfen kann, um die Privatsph\u00e4re derjenigen zu sch\u00fctzen, die an nicht identifizierten Anfragen beteiligt sind.<\/p>\n<p>*Folgende Daten werden erfasst: Ihre IP-Adresse (anonymisiert), die Anzahl der besuchten Seiten, der Zeitpunkt und die Dauer des Besuchs, Ihr Standort, der Ursprung des Besuchs, die Art der verwendeten Hard- und Software, Besucherinteraktion und Ihre Suche Geschichte . Personenbezogene Daten werden daher in Google Analytics nicht gespeichert.<\/p>\n<p>&nbsp;<\/p>\n<p>&nbsp;<\/p>","protected":false},"excerpt":{"rendered":"<p>In deze policy wordt uitgelegd op welke wijze Fairtransport persoonsgegevens, zowel online als offline, verzamelt en hoe wij deze gegevens gebruiken. De site fairtransport.eu werd onder verantwoordelijkheid van Fairtransport gemaakt, op welke deze privacy policy van toepassing is. Lees deze privacy policy zorgvuldig door. U weet dan of u toestemming wenst te geven voor het [&hellip;]<\/p>\n","protected":false},"author":2,"featured_media":0,"parent":0,"menu_order":45,"comment_status":"closed","ping_status":"closed","template":"","meta":{"_acf_changed":false,"om_disable_all_campaigns":false,"_monsterinsights_skip_tracking":false,"_monsterinsights_sitenote_active":false,"_monsterinsights_sitenote_note":"","_monsterinsights_sitenote_category":0,"footnotes":""},"schip-project":[],"class_list":["post-277","page","type-page","status-publish","hentry"],"acf":[],"aioseo_notices":[],"_links":{"self":[{"href":"https:\/\/fairtransport.eu\/de\/wp-json\/wp\/v2\/pages\/277","targetHints":{"allow":["GET"]}}],"collection":[{"href":"https:\/\/fairtransport.eu\/de\/wp-json\/wp\/v2\/pages"}],"about":[{"href":"https:\/\/fairtransport.eu\/de\/wp-json\/wp\/v2\/types\/page"}],"author":[{"embeddable":true,"href":"https:\/\/fairtransport.eu\/de\/wp-json\/wp\/v2\/users\/2"}],"replies":[{"embeddable":true,"href":"https:\/\/fairtransport.eu\/de\/wp-json\/wp\/v2\/comments?post=277"}],"version-history":[{"count":0,"href":"https:\/\/fairtransport.eu\/de\/wp-json\/wp\/v2\/pages\/277\/revisions"}],"wp:attachment":[{"href":"https:\/\/fairtransport.eu\/de\/wp-json\/wp\/v2\/media?parent=277"}],"wp:term":[{"taxonomy":"schip-project","embeddable":true,"href":"https:\/\/fairtransport.eu\/de\/wp-json\/wp\/v2\/schip-project?post=277"}],"curies":[{"name":"wp","href":"https:\/\/api.w.org\/{rel}","templated":true}]}}