{"id":275,"date":"2022-04-05T14:26:07","date_gmt":"2022-04-05T12:26:07","guid":{"rendered":"https:\/\/fairtransport.eu\/?page_id=275"},"modified":"2022-10-12T09:54:54","modified_gmt":"2022-10-12T07:54:54","slug":"cookie-richtlinie","status":"publish","type":"page","link":"https:\/\/fairtransport.eu\/de\/cookiebeleid\/","title":{"rendered":"Cookie-Richtlinie"},"content":{"rendered":"<p>&nbsp;<\/p>\n<p>&nbsp;<\/p>\n<p>&nbsp;<\/p>\n<p>Fairtransport verwendet Cookies. Wir verwenden analytische Cookies, um Ihnen ein optimales Benutzererlebnis zu bieten. Mithilfe von Tracking- und Social-Media-Cookies von Drittanbietern k\u00f6nnen wir das Besucherverhalten verfolgen und personalisierte Werbung anzeigen. So k\u00f6nnen Sie beispielsweise ein Produkt \u00fcber soziale Medien verbreiten.<\/p>\n<p><strong>Kekse<\/strong><\/p>\n<p>Sie haben angegeben, dass Sie weitere Informationen \u00fcber die Verwendung von Cookies auf der Fairtransport-Website w\u00fcnschen.<\/p>\n<p><strong>Was sind Cookies?<\/strong><\/p>\n<p>Ein Cookie ist eine kleine Textdatei, die eine Website auf Ihrem Computer, Laptop, Tablet oder Mobiltelefon ablegt, wenn Sie die Website besuchen. Diese Cookies speichern Informationen \u00fcber Ihren Website-Besuch. Dadurch kann die Website ordnungsgem\u00e4\u00df funktionieren und Ihr Besuch optimiert werden. Durch die Verwendung von Cookies kann eine Website Sie bei Ihrem n\u00e4chsten Besuch auf dieser Website wiedererkennen. Das bedeutet, dass Sie nicht jedes Mal die gleichen Informationen eingeben m\u00fcssen.<\/p>\n<p><strong>Arten von Cookies<\/strong><br \/>\n<strong>\u00a0<\/strong><br \/>\nEs gibt verschiedene Arten von Cookies. Weitere Informationen zu Cookies finden Sie weiter unten.<br \/>\nWir weisen Sie gerne auf die Angaben Dritter auf deren Webseiten hin.<br \/>\nBitte beachten Sie, dass sich diese Aussagen \u00e4ndern k\u00f6nnen und wir keinen Einfluss darauf haben. Wie wir mit Ihrer Privatsph\u00e4re umgehen, k\u00f6nnen Sie in unserer Datenschutzerkl\u00e4rung nachlesen.<br \/>\n<strong>Funktionelle Cookies<\/strong><\/p>\n<p>Funktionale Cookies sind notwendig, damit unsere Website ordnungsgem\u00e4\u00df funktioniert. Diese stellen beispielsweise sicher, dass Sie auf Wunsch in Ihrem pers\u00f6nlichen Fairtransport-Konto eingeloggt bleiben k\u00f6nnen.<\/p>\n<p><strong>Analytische Cookies<\/strong><\/p>\n<p>Mithilfe analytischer Cookies k\u00f6nnen wir Website-Besuche messen und M\u00f6glichkeiten untersuchen. Die Statistiken geben uns einen \u00dcberblick dar\u00fcber, wie Sie die Website nutzen und wie Sie zu uns gefunden haben. Wir nutzen dieses Wissen kontinuierlich, um die Website zu verbessern und das Erlebnis unserer Besucher so angenehm wie m\u00f6glich zu gestalten. Wir arbeiten mit Google Analytics und Google Tag Manager, um Erkenntnisse zu gewinnen und Daten zu optimieren.<\/p>\n<p>Weitere Informationen dar\u00fcber, was diese Unternehmen mit den erfassten Daten machen, finden Sie in deren Datenschutzerkl\u00e4rungen.<\/p>\n<p>Google<\/p>\n<p><strong>Social-Media-Cookies<\/strong><\/p>\n<p>Auf der Website fairtransport.eu zeigen wir Inhalte, die Sie mit einem Button \u00fcber Ihre sozialen Netzwerke bewerben und verbreiten k\u00f6nnen. Social-Media-Unternehmen wie Twitter, Facebook, YouTube und Google verwenden Cookies, um zu sehen, wann Sie sich beim sozialen Netzwerk anmelden. Sie sammeln auch Informationen \u00fcber die Website, die Sie verbreiten.<\/p>\n<p>Weitere Informationen dar\u00fcber, was diese Unternehmen mit den erfassten Daten machen, finden Sie in deren Datenschutzerkl\u00e4rungen:<\/p>\n<p>Facebook<br \/>\nTwitter<br \/>\nYoutube<br \/>\n<strong>\u00a0<\/strong><br \/>\n<strong>Werbe-Cookies<\/strong><\/p>\n<p>Wir nutzen Online-Werbung, um auf unsere Leistungen aufmerksam zu machen. Wir arbeiten mit Google Adwords, Bing und Facebook Custom Audience zusammen. Diese Parteien verwenden Cookies, um digitale Anzeigen auf Websites Dritter anzuzeigen, Informationen dar\u00fcber zu sammeln, wie oder wann der Benutzer mit den Anzeigen in Kontakt gekommen ist, und um einen \u00dcberblick \u00fcber die Profile zu erhalten. Auf diese Weise ist unsere Werbung m\u00f6glichst zielgerichtet.<\/p>\n<p>Weitere Informationen dar\u00fcber, was diese Unternehmen mit den erfassten Daten machen, finden Sie in deren Datenschutzerkl\u00e4rungen:<\/p>\n<p>Google<br \/>\nFacebook<br \/>\nMicrosoft<\/p>\n<p><strong>Andere<\/strong><\/p>\n<p>Wir m\u00fcssen diese Erkl\u00e4rung von Zeit zu Zeit anpassen, wenn sich unsere Website oder die Regeln zu Cookies \u00e4ndern. Wir k\u00f6nnen den Inhalt der Cookies jederzeit und ohne vorherige Ank\u00fcndigung \u00e4ndern. Die neueste Version finden Sie auf dieser Website. Wenn Sie der Speicherung von Cookies auf unserer Website zugestimmt haben, k\u00f6nnen Sie dies in Ihren Browsereinstellungen widerrufen.<\/p>\n<p>&nbsp;<\/p>\n<p>&nbsp;<\/p>","protected":false},"excerpt":{"rendered":"<p>&nbsp; &nbsp; &nbsp; Fairtransport maakt gebruik van cookies. We gebruiken analytische cookies om u een optimale gebruikerservaring te kunnen bieden. Met behulp van tracking- en social media-cookies van derden kunnen we bezoekersgedrag volgen en gepersonaliseerde advertenties tonen. Op deze manier kun je bijvoorbeeld een product verspreiden via social media. Cookies U heeft aangegeven dat u [&hellip;]<\/p>\n","protected":false},"author":2,"featured_media":0,"parent":0,"menu_order":46,"comment_status":"closed","ping_status":"closed","template":"","meta":{"_acf_changed":false,"om_disable_all_campaigns":false,"_monsterinsights_skip_tracking":false,"_monsterinsights_sitenote_active":false,"_monsterinsights_sitenote_note":"","_monsterinsights_sitenote_category":0,"footnotes":""},"schip-project":[],"class_list":["post-275","page","type-page","status-publish","hentry"],"acf":[],"aioseo_notices":[],"_links":{"self":[{"href":"https:\/\/fairtransport.eu\/de\/wp-json\/wp\/v2\/pages\/275","targetHints":{"allow":["GET"]}}],"collection":[{"href":"https:\/\/fairtransport.eu\/de\/wp-json\/wp\/v2\/pages"}],"about":[{"href":"https:\/\/fairtransport.eu\/de\/wp-json\/wp\/v2\/types\/page"}],"author":[{"embeddable":true,"href":"https:\/\/fairtransport.eu\/de\/wp-json\/wp\/v2\/users\/2"}],"replies":[{"embeddable":true,"href":"https:\/\/fairtransport.eu\/de\/wp-json\/wp\/v2\/comments?post=275"}],"version-history":[{"count":0,"href":"https:\/\/fairtransport.eu\/de\/wp-json\/wp\/v2\/pages\/275\/revisions"}],"wp:attachment":[{"href":"https:\/\/fairtransport.eu\/de\/wp-json\/wp\/v2\/media?parent=275"}],"wp:term":[{"taxonomy":"schip-project","embeddable":true,"href":"https:\/\/fairtransport.eu\/de\/wp-json\/wp\/v2\/schip-project?post=275"}],"curies":[{"name":"wp","href":"https:\/\/api.w.org\/{rel}","templated":true}]}}