{"id":273,"date":"2022-04-05T14:25:57","date_gmt":"2022-04-05T12:25:57","guid":{"rendered":"https:\/\/fairtransport.eu\/?page_id=273"},"modified":"2022-11-21T16:32:27","modified_gmt":"2022-11-21T15:32:27","slug":"geschaftsbedingungen","status":"publish","type":"page","link":"https:\/\/fairtransport.eu\/de\/algemene-voorwaarden\/","title":{"rendered":"Gesch\u00e4ftsbedingungen"},"content":{"rendered":"<p><strong>NUTZUNGSBEDINGUNGEN<\/strong><br \/>\n<strong>Fairtransport BV<\/strong><\/p>\n<p>1. Geltungsbereich der Allgemeinen Gesch\u00e4ftsbedingungen<br \/>\n2. Vertragsschluss<br \/>\n3. Widerrufsrecht<br \/>\n4. Preise und Zahlungsbedingungen<br \/>\n5. Liefer- und Versandbedingungen<br \/>\n6. Eigentumsvorbehalt<br \/>\n7. M\u00e4ngelhaftung<br \/>\n8. Anwendbares Recht<br \/>\n9. Gerichtsstand<br \/>\n10. Informationen zur Online-Streitbeilegung<\/p>\n<p><strong>1. Geltungsbereich<\/strong><\/p>\n<p>1.1 Diese Allgemeinen Gesch\u00e4ftsbedingungen (nachfolgend \u201eAGB\u201c) der \u201eFairtransport BV\u201c (nachfolgend \u201eVerk\u00e4ufer\u201c) gelten f\u00fcr alle Vertr\u00e4ge, die ein Verbraucher oder Unternehmer (nachfolgend \u201eKunde\u201c) mit dem Verk\u00e4ufer \u00fcber die von ihm angebotenen Waren abschlie\u00dft Verk\u00e4ufer in seinem Online-Shop. Der Einbeziehung von eigenen Bedingungen des Kunden wird hiermit widersprochen, es sei denn, es ist etwas anderes vereinbart.<\/p>\n<p>1.2 Verbraucher im Sinne dieser Allgemeinen Gesch\u00e4ftsbedingungen ist jede nat\u00fcrliche Person, die ein Rechtsgesch\u00e4ft zu Zwecken abschlie\u00dft, die \u00fcberwiegend weder ihrer gewerblichen noch ihrer selbst\u00e4ndigen beruflichen T\u00e4tigkeit zugerechnet werden k\u00f6nnen.<\/p>\n<p>1.3 Unternehmer im Sinne dieser Gesch\u00e4ftsbedingungen ist eine nat\u00fcrliche oder juristische Person oder eine rechtsf\u00e4hige Personengesellschaft, die bei Abschluss eines Rechtsgesch\u00e4fts in Aus\u00fcbung ihrer gewerblichen oder selbst\u00e4ndigen beruflichen T\u00e4tigkeit handelt.<\/p>\n<p><strong>2. Vertragsschluss<\/strong><\/p>\n<p>2.1 Die im Online-Shop des Verk\u00e4ufers enthaltenen Produktbeschreibungen stellen keine verbindlichen Angebote seitens des Verk\u00e4ufers dar, sondern dienen der Abgabe eines verbindlichen Angebots durch den Kunden.<\/p>\n<p>2.2 Der Kunde kann das Angebot \u00fcber das im Online-Shop des Verk\u00e4ufers integrierte Online-Bestellformular abgeben. Nachdem der Kunde die ausgew\u00e4hlte Ware in den virtuellen Warenkorb gelegt und den elektronischen Bestellprozess durchlaufen hat, gibt er durch Klicken des den Bestellvorgang abschlie\u00dfenden Buttons ein rechtlich verbindliches Vertragsangebot in Bezug auf die im Warenkorb enthaltenen Waren ab.<\/p>\n<p>2.3 Der Verk\u00e4ufer kann das Angebot des Kunden innerhalb von f\u00fcnf Tagen annehmen,<\/p>\n<p>\u2013 durch Zusendung einer schriftlichen Auftragsbest\u00e4tigung in Textform (per E-Mail) an den Kunden, wobei der Eingang der Auftragsbest\u00e4tigung beim Kunden ma\u00dfgeblich ist, oder<\/p>\n<p>\u2013 durch Auslieferung der bestellten Ware an den Kunden, wobei der Zugang der Ware zum Kunden ma\u00dfgeblich ist, oder<\/p>\n<p>\u2013 indem der Kunde nach Abgabe seiner Bestellung zur Zahlung aufgefordert wird.<\/p>\n<p>Stehen mehrere der vorgenannten Alternativen zur Verf\u00fcgung, kommt der Vertrag erst dann zustande, wenn eine der vorgenannten Alternativen eintritt. Die Frist zur Annahme des Angebots beginnt am Tag nach der Absendung des Angebots durch den Kunden und endet mit dem Ablauf des f\u00fcnften Tages nach der Absendung des Angebots. Nimmt der Verk\u00e4ufer das Angebot des Kunden innerhalb der vorgenannten Frist nicht an, so gilt dies als Ablehnung des Angebots mit der Folge, dass der Kunde nicht mehr an seine Willenserkl\u00e4rung gebunden ist.<\/p>\n<p>2.4 Bei der Abgabe eines Angebots \u00fcber das Online-Bestellformular des Verk\u00e4ufers wird der Vertragstext vom Verk\u00e4ufer gespeichert und dem Kunden nach Absenden seiner Bestellung nebst den vorliegenden AGB in Textform (z. B. E-Mail) zugesandt. Dar\u00fcber hinaus wird der Vertragstext auf der Internetseite des Verk\u00e4ufers archiviert und kann vom Kunden \u00fcber sein passwortgesch\u00fctztes Kundenkonto unter Angabe der entsprechenden Login-Daten kostenfrei abgerufen werden, sofern der Kunde ein Kundenkonto beim Verk\u00e4ufer angelegt hat Online-Shop, bevor er seine Bestellung absendet.<\/p>\n<p>2.5 Vor verbindlicher Abgabe der Bestellung \u00fcber das Online-Bestellformular des Verk\u00e4ufers kann der Kunde m\u00f6gliche Eingabefehler durch sorgf\u00e4ltige Lekt\u00fcre der auf dem Bildschirm angezeigten Informationen erkennen. Ein wirksames technisches Mittel zur besseren Erkennung von Eingabefehlern kann die Zoomfunktion des Browsers sein, mit der die Darstellung auf dem Bildschirm vergr\u00f6\u00dfert wird. Seine Eingaben kann der Kunde vor Abgabe einer verbindlichen Bestellung im Rahmen des elektronischen Bestellprozesses \u00fcber die \u00fcblichen Tastatur- und Mausfunktionen korrigieren. Dar\u00fcber hinaus werden alle Eingaben vor Abgabe der Bestellung noch einmal in einem Best\u00e4tigungsfenster angezeigt und k\u00f6nnen dort auch \u00fcber die \u00fcblichen Tastatur- und Mausfunktionen korrigiert werden.<\/p>\n<p>2.6 F\u00fcr den Vertragsschluss stehen die Sprachen Niederl\u00e4ndisch, Deutsch, Englisch und Franz\u00f6sisch zur Verf\u00fcgung.<\/p>\n<p>2.7 Die Bestellabwicklung und Kontaktaufnahme erfolgt in der Regel per E-Mail und automatisierter Bestellabwicklung. Der Kunde hat sicherzustellen, dass die von ihm zur Bestellabwicklung angegebene E-Mail-Adresse korrekt ist, so dass unter dieser Adresse die vom Verk\u00e4ufer versandten E-Mails empfangen werden k\u00f6nnen. Insbesondere hat der Kunde beim Einsatz von SPAM-Filtern sicherzustellen, dass alle E-Mails, die vom Verk\u00e4ufer versendet oder von Dritten mit der Bestellabwicklung beauftragt werden, zugestellt werden k\u00f6nnen.<\/p>\n<p>2.8 Bei der Bestellung alkoholischer Getr\u00e4nke best\u00e4tigt der Kunde mit der Abgabe der Bestellung, dass er das gesetzlich vorgeschriebene Mindestalter erreicht hat und verpflichtet sich, daf\u00fcr zu sorgen, dass entweder er selbst oder eine von ihm bevollm\u00e4chtigte vollj\u00e4hrige Person die Ware entgegennehmen kann.<\/p>\n<p><strong>3. Widerrufsrecht<\/strong><\/p>\n<p>3.1 Verbrauchern steht grunds\u00e4tzlich ein Widerrufsrecht zu.<\/p>\n<p>3.2 Weitere Informationen zum Widerrufsrecht finden Sie in der Widerrufsbelehrung des Verk\u00e4ufers.<\/p>\n<p><strong>4. Preise und Zahlungsbedingungen<\/strong><\/p>\n<p>4.1 Sofern sich aus der Produktbeschreibung des Verk\u00e4ufers nichts anderes ergibt, handelt es sich bei den angegebenen Preisen um Gesamtpreise, die die gesetzliche Mehrwertsteuer enthalten. Eventuell zus\u00e4tzlich anfallende Liefer- und Versandkosten werden in der jeweiligen Produktbeschreibung gesondert angegeben.<\/p>\n<p>4.2 Dem Kunden stehen verschiedene Zahlungsm\u00f6glichkeiten zur Verf\u00fcgung, die im Online-Shop des Verk\u00e4ufers angegeben sind.<\/p>\n<p>4.3 Ist Vorauskasse per Bank\u00fcberweisung vereinbart, ist die Zahlung sofort nach Vertragsschluss f\u00e4llig, sofern die Parteien nichts anderes vereinbart haben.<\/p>\n<p>4.4 Bei Auswahl der Zahlungsart \u201ePayPal\u201c erfolgt die Zahlungsabwicklung \u00fcber den Zahlungsdienstleister PayPal (Europe) S.\u00e0 rl et Cie, SCA, 22-24 Boulevard Royal, L-2449 Luxembourg, nach Ma\u00dfgabe der PayPal-AGB Nutzung, verf\u00fcgbar unter https:\/\/www.paypal.com\/de\/webapps\/mpp\/ua\/useragreement-full. Dies setzt ua voraus, dass der Kunde ein PayPal-Konto er\u00f6ffnet oder bereits eines besitzt.<\/p>\n<p>4.5 Bei Auswahl der Zahlungsart \u201ePayPal-Lastschrift\u201c bucht PayPal den Rechnungsbetrag nach Erteilung eines SEPA-Lastschriftmandats, fr\u00fchestens jedoch nach Ablauf der Frist zur Vorabinformation, vom Bankkonto des Kunden ab. Vorabinformation (\u201ePre-Notification\u201c) ist jede Nachricht (z. B. Rechnung, Police, Vertrag) an den Kunden, die eine Abbuchung per SEPA-Lastschrift ank\u00fcndigt. Wird die Lastschrift mangels Kontodeckung oder aufgrund der Angabe einer falschen Bankverbindung nicht eingel\u00f6st oder widerspricht der Kunde der Abbuchung, obwohl er dazu nicht berechtigt ist, so hat der Kunde die durch die R\u00fcckbuchung entstehenden Geb\u00fchren zu tragen des jeweiligen Kreditinstituts, sofern dieser dies zu vertreten hat.<\/p>\n<p><strong>5. Liefer- und Versandbedingungen<\/strong><\/p>\n<p>5.1 Die Lieferung der Ware erfolgt regelm\u00e4\u00dfig auf dem Versandweg und an die vom Kunden angegebene Lieferadresse. F\u00fcr die Abwicklung der Transaktion ist die im Kaufvertrag des Verk\u00e4ufers angegebene Lieferadresse ma\u00dfgeblich. Abweichend hiervon ist bei Auswahl der Zahlungsart PayPal die vom Kunden zum Zeitpunkt der Zahlung hinterlegte Lieferadresse ma\u00dfgeblich.<\/p>\n<p>5.2 Sendet das Transportunternehmen die Ware an den Verk\u00e4ufer zur\u00fcck, da eine Zustellung beim Kunden nicht m\u00f6glich war, tr\u00e4gt der Kunde die Kosten f\u00fcr den erfolglosen Versand. Dies gilt nicht, wenn der Kunde den Umstand, der zur Unm\u00f6glichkeit der Zustellung gef\u00fchrt hat, nicht zu vertreten hat oder er vor\u00fcbergehend an der Annahme der angebotenen Leistung verhindert war, es sei denn, dass der Verk\u00e4ufer die Leistung mit einer angemessenen Frist vorher angek\u00fcndigt hatte. Dies gilt im \u00dcbrigen nicht im Hinblick auf die Kosten der Versendung, wenn der Kunde sein Widerrufsrecht wirksam aus\u00fcbt. Bei wirksamer Aus\u00fcbung des Widerrufsrechts durch den Kunden richten sich die R\u00fccksendekosten nach den Regelungen der Widerrufsbelehrung des Verk\u00e4ufers.<\/p>\n<p>5.3 Bei Selbstabholung informiert der Verk\u00e4ufer den Kunden zun\u00e4chst per E-Mail dar\u00fcber, dass die von ihm bestellte Ware zur Abholung bereitsteht. Nach Erhalt dieser E-Mail kann der Kunde nach R\u00fccksprache mit dem Verk\u00e4ufer die Ware am Sitz des Verk\u00e4ufers abholen. In diesem Fall werden keine Versandkosten berechnet.<\/p>\n<p><strong>6. Eigentumsvorbehalt<\/strong><\/p>\n<p>Leistet der Verk\u00e4ufer Vorauszahlungen, beh\u00e4lt er sich bis zur vollst\u00e4ndigen Bezahlung des geschuldeten Kaufpreises das Eigentum an der gelieferten Ware vor.<\/p>\n<p><strong>7. M\u00e4ngelhaftung<\/strong><\/p>\n<p>7.1 Ist die Kaufsache mangelhaft, gelten die Vorschriften der gesetzlichen M\u00e4ngelhaftung.<\/p>\n<p>7.2 Der Kunde wird gebeten, angelieferte Waren mit offensichtlichen Transportsch\u00e4den beim Zusteller zu reklamieren und den Verk\u00e4ufer hiervon in Kenntnis zu setzen. Kommt der Kunde dieser Pflicht nicht nach, hat dies keinerlei Auswirkungen auf seine gesetzlichen oder vertraglichen M\u00e4ngelanspr\u00fcche.<\/p>\n<p><strong>8. Anwendbares Recht<\/strong><\/p>\n<p>F\u00fcr alle Rechtsbeziehungen zwischen den Parteien gilt niederl\u00e4ndisches Recht.<br \/>\nF\u00fcr Verbraucher gilt diese Rechtswahl nur insoweit, als der gew\u00e4hrte Schutz nicht durch zwingende Vorschriften des Rechts des Staates, in dem der Verbraucher seinen gew\u00f6hnlichen Aufenthalt hat, entzogen wird.<\/p>\n<p><strong>9. Gerichtsstand<\/strong><\/p>\n<p>Ausschlie\u00dflicher Gerichtsstand f\u00fcr alle Streitigkeiten aus diesem Vertrag ist der Gesch\u00e4ftssitz des Verk\u00e4ufers, sofern der Vertrag oder Anspr\u00fcche aus dem Vertrag der beruflichen oder gewerblichen T\u00e4tigkeit des Kunden zugerechnet werden k\u00f6nnen. In den vorstehenden F\u00e4llen ist der Verk\u00e4ufer jedoch berechtigt, auch das Gericht am Sitz des Kunden anzurufen.<br \/>\nGleiches gilt f\u00fcr Streitigkeiten aus diesem Vertrag mit Privatkunden<\/p>\n<p><strong>10. Informationen zur Online-Streitbeilegung<\/strong><\/p>\n<p>Die EU-Kommission stellt im Internet unter folgendem Link eine Plattform zur Online-Streitbeilegung bereit: https:\/\/ec.europa.eu\/odr<\/p>\n<p>Diese Plattform dient als Anlaufstelle zur au\u00dfergerichtlichen Beilegung von Streitigkeiten aus Online-Kauf- oder Dienstleistungsvertr\u00e4gen, an denen ein Verbraucher beteiligt ist.<\/p>\n<p>Zur Teilnahme an einem Streitbeilegungsverfahren vor einer Verbraucherschlichtungsstelle sind wir weder verpflichtet noch bereit.<\/p>","protected":false},"excerpt":{"rendered":"<p>TERMS OF SERVICE Fairtransport B.V. 1. Scope of the General Terms and Conditions 2. Conclusion of contract 3. Right of withdrawal 4. Prices and terms of payment 5. Delivery and shipping conditions 6. Retention of title 7. Liability for defects 8. Applicable law 9. Place of jurisdiction 10. Information on online dispute resolution 1. Scope [&hellip;]<\/p>\n","protected":false},"author":2,"featured_media":36705,"parent":0,"menu_order":42,"comment_status":"closed","ping_status":"closed","template":"","meta":{"_acf_changed":false,"om_disable_all_campaigns":false,"_monsterinsights_skip_tracking":false,"_monsterinsights_sitenote_active":false,"_monsterinsights_sitenote_note":"","_monsterinsights_sitenote_category":0,"footnotes":""},"schip-project":[],"class_list":["post-273","page","type-page","status-publish","has-post-thumbnail","hentry"],"acf":[],"aioseo_notices":[],"_links":{"self":[{"href":"https:\/\/fairtransport.eu\/de\/wp-json\/wp\/v2\/pages\/273","targetHints":{"allow":["GET"]}}],"collection":[{"href":"https:\/\/fairtransport.eu\/de\/wp-json\/wp\/v2\/pages"}],"about":[{"href":"https:\/\/fairtransport.eu\/de\/wp-json\/wp\/v2\/types\/page"}],"author":[{"embeddable":true,"href":"https:\/\/fairtransport.eu\/de\/wp-json\/wp\/v2\/users\/2"}],"replies":[{"embeddable":true,"href":"https:\/\/fairtransport.eu\/de\/wp-json\/wp\/v2\/comments?post=273"}],"version-history":[{"count":0,"href":"https:\/\/fairtransport.eu\/de\/wp-json\/wp\/v2\/pages\/273\/revisions"}],"wp:featuredmedia":[{"embeddable":true,"href":"https:\/\/fairtransport.eu\/de\/wp-json\/wp\/v2\/media\/36705"}],"wp:attachment":[{"href":"https:\/\/fairtransport.eu\/de\/wp-json\/wp\/v2\/media?parent=273"}],"wp:term":[{"taxonomy":"schip-project","embeddable":true,"href":"https:\/\/fairtransport.eu\/de\/wp-json\/wp\/v2\/schip-project?post=273"}],"curies":[{"name":"wp","href":"https:\/\/api.w.org\/{rel}","templated":true}]}}